{"id":7848,"date":"2017-07-28T11:38:05","date_gmt":"2017-07-28T10:38:05","guid":{"rendered":"https:\/\/mintsnowboarding.com\/camps-et-cours-de-snowboard-sur-les-performances-techniques\/"},"modified":"2023-04-05T16:58:25","modified_gmt":"2023-04-05T15:58:25","slug":"camps-et-cours-de-snowboard-sur-les-performances-techniques","status":"publish","type":"page","link":"https:\/\/mintsnowboarding.com\/fr\/camps-et-cours-de-snowboard-sur-les-performances-techniques\/","title":{"rendered":"Camps et cours de snowboard sur les performances techniques"},"content":{"rendered":"<blockquote><p>Camps et cours de snowboard pour adultes destin\u00e9s aux riders de niveau interm\u00e9diaire et avanc\u00e9 en Europe.<\/p><\/blockquote>\n<p>Si vous \u00eates un snowboarder de niveau interm\u00e9diaire ou avanc\u00e9 qui n&rsquo;a pas ou peu b\u00e9n\u00e9fici\u00e9 d&rsquo;un encadrement formel, nos camps et stages de performance technique sont parfaits pour vous. Tout au long du stage, nous travaillerons avec vous pour d\u00e9velopper<span style=\"font-weight: 400;\"> votre<\/span> technique de base de snowboard et vos comp\u00e9tences.<strong><br \/>\n  <span style=\"font-weight: 400;\">technique de base du snowboard et <\/span><br \/>\n<\/strong>progresser dans tous les domaines de votre technique de glisse, comme le carving, les terrains escarp\u00e9s, le hors-piste, les bosses et le freestyle. D<strong><br \/>\n  <span style=\"font-weight: 400;\">e d\u00e9veloppement d&rsquo;une base technique solide permettra d&rsquo;am\u00e9liorer consid\u00e9rablement tous les aspects de votre snowboard.<\/span><br \/>\n<\/strong><\/p>\n<p>&nbsp;<\/p>\n<p><strong>Cliquez sur les camps et les types de cours ci-dessous pour en savoir plus :<\/strong><\/p>\n","protected":false},"excerpt":{"rendered":"Camps et cours de snowboard pour adultes destin\u00e9s aux riders de niveau interm\u00e9diaire et avanc\u00e9 en Europe. Si vous \u00eates un snowboarder de niveau interm\u00e9diaire ou avanc\u00e9 qui n&rsquo;a pas ou peu b\u00e9n\u00e9fici\u00e9 d&rsquo;un encadrement formel, nos camps et stages de performance technique sont parfaits pour vous. Tout au long du stage, nous travaillerons avec&#8230;","protected":false},"author":1,"featured_media":0,"parent":0,"menu_order":0,"comment_status":"closed","ping_status":"closed","template":"","meta":{"_acf_changed":false,"footnotes":""},"categories":[],"class_list":["post-7848","page","type-page","status-publish","hentry"],"acf":[],"yoast_head":"<!-- This site is optimized with the Yoast SEO plugin v26.7 - https:\/\/yoast.com\/wordpress\/plugins\/seo\/ -->\n<title>Camps et cours de snowboard sur les performances techniques - MINT Snowboarding<\/title>\n<meta name=\"description\" content=\"Am\u00e9liorez vos comp\u00e9tences en mati\u00e8re de snowboard gr\u00e2ce \u00e0 des cours techniques et des camps de snowboard destin\u00e9s aux snowboardeurs de niveau interm\u00e9diaire et avanc\u00e9.\" \/>\n<meta name=\"robots\" content=\"index, follow, max-snippet:-1, max-image-preview:large, max-video-preview:-1\" \/>\n<link rel=\"canonical\" href=\"https:\/\/mintsnowboarding.com\/fr\/camps-et-cours-de-snowboard-sur-les-performances-techniques\/\" \/>\n<meta property=\"og:locale\" content=\"fr_FR\" \/>\n<meta property=\"og:type\" content=\"article\" \/>\n<meta property=\"og:title\" content=\"Camps et cours de snowboard sur les performances techniques - MINT Snowboarding\" \/>\n<meta property=\"og:description\" content=\"Am\u00e9liorez vos comp\u00e9tences en mati\u00e8re de snowboard gr\u00e2ce \u00e0 des cours techniques et des camps de snowboard destin\u00e9s aux snowboardeurs de niveau interm\u00e9diaire et avanc\u00e9.\" \/>\n<meta property=\"og:url\" content=\"https:\/\/mintsnowboarding.com\/fr\/camps-et-cours-de-snowboard-sur-les-performances-techniques\/\" \/>\n<meta property=\"og:site_name\" content=\"MINT Snowboarding\" \/>\n<meta property=\"article:publisher\" content=\"https:\/\/www.facebook.com\/mintsnowboarding\/\" \/>\n<meta property=\"article:modified_time\" content=\"2023-04-05T15:58:25+00:00\" \/>\n<meta property=\"og:image\" content=\"https:\/\/mintsnowboarding.com\/wp-content\/uploads\/2017\/10\/mint-logo-text.png\" \/>\n\t<meta property=\"og:image:width\" content=\"486\" \/>\n\t<meta property=\"og:image:height\" content=\"226\" \/>\n\t<meta property=\"og:image:type\" content=\"image\/png\" \/>\n<meta name=\"twitter:card\" content=\"summary_large_image\" \/>\n<meta name=\"twitter:site\" content=\"@MINTSnowboard\" \/>\n<meta name=\"twitter:label1\" content=\"Dur\u00e9e de lecture estim\u00e9e\" \/>\n\t<meta name=\"twitter:data1\" content=\"1 minute\" \/>\n<script type=\"application\/ld+json\" class=\"yoast-schema-graph\">{\"@context\":\"https:\/\/schema.org\",\"@graph\":[{\"@type\":\"WebPage\",\"@id\":\"https:\/\/mintsnowboarding.com\/fr\/camps-et-cours-de-snowboard-sur-les-performances-techniques\/\",\"url\":\"https:\/\/mintsnowboarding.com\/fr\/camps-et-cours-de-snowboard-sur-les-performances-techniques\/\",\"name\":\"Camps et cours de snowboard sur les performances techniques - MINT Snowboarding\",\"isPartOf\":{\"@id\":\"https:\/\/mintsnowboarding.com\/fr\/#website\"},\"datePublished\":\"2017-07-28T10:38:05+00:00\",\"dateModified\":\"2023-04-05T15:58:25+00:00\",\"description\":\"Am\u00e9liorez vos comp\u00e9tences en mati\u00e8re de snowboard gr\u00e2ce \u00e0 des cours techniques et des camps de snowboard destin\u00e9s aux snowboardeurs de niveau interm\u00e9diaire et avanc\u00e9.\",\"breadcrumb\":{\"@id\":\"https:\/\/mintsnowboarding.com\/fr\/camps-et-cours-de-snowboard-sur-les-performances-techniques\/#breadcrumb\"},\"inLanguage\":\"fr-FR\",\"potentialAction\":[{\"@type\":\"ReadAction\",\"target\":[\"https:\/\/mintsnowboarding.com\/fr\/camps-et-cours-de-snowboard-sur-les-performances-techniques\/\"]}]},{\"@type\":\"BreadcrumbList\",\"@id\":\"https:\/\/mintsnowboarding.com\/fr\/camps-et-cours-de-snowboard-sur-les-performances-techniques\/#breadcrumb\",\"itemListElement\":[{\"@type\":\"ListItem\",\"position\":1,\"name\":\"Home\",\"item\":\"https:\/\/mintsnowboarding.com\/fr\/accueil\/\"},{\"@type\":\"ListItem\",\"position\":2,\"name\":\"Camps et cours de snowboard sur les performances techniques\"}]},{\"@type\":\"WebSite\",\"@id\":\"https:\/\/mintsnowboarding.com\/fr\/#website\",\"url\":\"https:\/\/mintsnowboarding.com\/fr\/\",\"name\":\"MINT Snowboarding\",\"description\":\"\",\"publisher\":{\"@id\":\"https:\/\/mintsnowboarding.com\/fr\/#organization\"},\"potentialAction\":[{\"@type\":\"SearchAction\",\"target\":{\"@type\":\"EntryPoint\",\"urlTemplate\":\"https:\/\/mintsnowboarding.com\/fr\/?s={search_term_string}\"},\"query-input\":{\"@type\":\"PropertyValueSpecification\",\"valueRequired\":true,\"valueName\":\"search_term_string\"}}],\"inLanguage\":\"fr-FR\"},{\"@type\":\"Organization\",\"@id\":\"https:\/\/mintsnowboarding.com\/fr\/#organization\",\"name\":\"MINT Snowboarding\",\"url\":\"https:\/\/mintsnowboarding.com\/fr\/\",\"logo\":{\"@type\":\"ImageObject\",\"inLanguage\":\"fr-FR\",\"@id\":\"https:\/\/mintsnowboarding.com\/fr\/#\/schema\/logo\/image\/\",\"url\":\"https:\/\/mintsnowboarding.com\/wp-content\/uploads\/2017\/10\/mint-logo-text.png\",\"contentUrl\":\"https:\/\/mintsnowboarding.com\/wp-content\/uploads\/2017\/10\/mint-logo-text.png\",\"width\":486,\"height\":226,\"caption\":\"MINT Snowboarding\"},\"image\":{\"@id\":\"https:\/\/mintsnowboarding.com\/fr\/#\/schema\/logo\/image\/\"},\"sameAs\":[\"https:\/\/www.facebook.com\/mintsnowboarding\/\",\"https:\/\/x.com\/MINTSnowboard\",\"https:\/\/www.instagram.com\/mintsnowboarding\/\"]}]}<\/script>\n<!-- \/ Yoast SEO plugin. -->","yoast_head_json":{"title":"Camps et cours de snowboard sur les performances techniques - MINT Snowboarding","description":"Am\u00e9liorez vos comp\u00e9tences en mati\u00e8re de snowboard gr\u00e2ce \u00e0 des cours techniques et des camps de snowboard destin\u00e9s aux snowboardeurs de niveau interm\u00e9diaire et avanc\u00e9.","robots":{"index":"index","follow":"follow","max-snippet":"max-snippet:-1","max-image-preview":"max-image-preview:large","max-video-preview":"max-video-preview:-1"},"canonical":"https:\/\/mintsnowboarding.com\/fr\/camps-et-cours-de-snowboard-sur-les-performances-techniques\/","og_locale":"fr_FR","og_type":"article","og_title":"Camps et cours de snowboard sur les performances techniques - MINT Snowboarding","og_description":"Am\u00e9liorez vos comp\u00e9tences en mati\u00e8re de snowboard gr\u00e2ce \u00e0 des cours techniques et des camps de snowboard destin\u00e9s aux snowboardeurs de niveau interm\u00e9diaire et avanc\u00e9.","og_url":"https:\/\/mintsnowboarding.com\/fr\/camps-et-cours-de-snowboard-sur-les-performances-techniques\/","og_site_name":"MINT Snowboarding","article_publisher":"https:\/\/www.facebook.com\/mintsnowboarding\/","article_modified_time":"2023-04-05T15:58:25+00:00","og_image":[{"width":486,"height":226,"url":"https:\/\/mintsnowboarding.com\/wp-content\/uploads\/2017\/10\/mint-logo-text.png","type":"image\/png"}],"twitter_card":"summary_large_image","twitter_site":"@MINTSnowboard","twitter_misc":{"Dur\u00e9e de lecture estim\u00e9e":"1 minute"},"schema":{"@context":"https:\/\/schema.org","@graph":[{"@type":"WebPage","@id":"https:\/\/mintsnowboarding.com\/fr\/camps-et-cours-de-snowboard-sur-les-performances-techniques\/","url":"https:\/\/mintsnowboarding.com\/fr\/camps-et-cours-de-snowboard-sur-les-performances-techniques\/","name":"Camps et cours de snowboard sur les performances techniques - MINT Snowboarding","isPartOf":{"@id":"https:\/\/mintsnowboarding.com\/fr\/#website"},"datePublished":"2017-07-28T10:38:05+00:00","dateModified":"2023-04-05T15:58:25+00:00","description":"Am\u00e9liorez vos comp\u00e9tences en mati\u00e8re de snowboard gr\u00e2ce \u00e0 des cours techniques et des camps de snowboard destin\u00e9s aux snowboardeurs de niveau interm\u00e9diaire et avanc\u00e9.","breadcrumb":{"@id":"https:\/\/mintsnowboarding.com\/fr\/camps-et-cours-de-snowboard-sur-les-performances-techniques\/#breadcrumb"},"inLanguage":"fr-FR","potentialAction":[{"@type":"ReadAction","target":["https:\/\/mintsnowboarding.com\/fr\/camps-et-cours-de-snowboard-sur-les-performances-techniques\/"]}]},{"@type":"BreadcrumbList","@id":"https:\/\/mintsnowboarding.com\/fr\/camps-et-cours-de-snowboard-sur-les-performances-techniques\/#breadcrumb","itemListElement":[{"@type":"ListItem","position":1,"name":"Home","item":"https:\/\/mintsnowboarding.com\/fr\/accueil\/"},{"@type":"ListItem","position":2,"name":"Camps et cours de snowboard sur les performances techniques"}]},{"@type":"WebSite","@id":"https:\/\/mintsnowboarding.com\/fr\/#website","url":"https:\/\/mintsnowboarding.com\/fr\/","name":"MINT Snowboarding","description":"","publisher":{"@id":"https:\/\/mintsnowboarding.com\/fr\/#organization"},"potentialAction":[{"@type":"SearchAction","target":{"@type":"EntryPoint","urlTemplate":"https:\/\/mintsnowboarding.com\/fr\/?s={search_term_string}"},"query-input":{"@type":"PropertyValueSpecification","valueRequired":true,"valueName":"search_term_string"}}],"inLanguage":"fr-FR"},{"@type":"Organization","@id":"https:\/\/mintsnowboarding.com\/fr\/#organization","name":"MINT Snowboarding","url":"https:\/\/mintsnowboarding.com\/fr\/","logo":{"@type":"ImageObject","inLanguage":"fr-FR","@id":"https:\/\/mintsnowboarding.com\/fr\/#\/schema\/logo\/image\/","url":"https:\/\/mintsnowboarding.com\/wp-content\/uploads\/2017\/10\/mint-logo-text.png","contentUrl":"https:\/\/mintsnowboarding.com\/wp-content\/uploads\/2017\/10\/mint-logo-text.png","width":486,"height":226,"caption":"MINT Snowboarding"},"image":{"@id":"https:\/\/mintsnowboarding.com\/fr\/#\/schema\/logo\/image\/"},"sameAs":["https:\/\/www.facebook.com\/mintsnowboarding\/","https:\/\/x.com\/MINTSnowboard","https:\/\/www.instagram.com\/mintsnowboarding\/"]}]}},"_links":{"self":[{"href":"https:\/\/mintsnowboarding.com\/fr\/wp-json\/wp\/v2\/pages\/7848","targetHints":{"allow":["GET"]}}],"collection":[{"href":"https:\/\/mintsnowboarding.com\/fr\/wp-json\/wp\/v2\/pages"}],"about":[{"href":"https:\/\/mintsnowboarding.com\/fr\/wp-json\/wp\/v2\/types\/page"}],"author":[{"embeddable":true,"href":"https:\/\/mintsnowboarding.com\/fr\/wp-json\/wp\/v2\/users\/1"}],"replies":[{"embeddable":true,"href":"https:\/\/mintsnowboarding.com\/fr\/wp-json\/wp\/v2\/comments?post=7848"}],"version-history":[{"count":0,"href":"https:\/\/mintsnowboarding.com\/fr\/wp-json\/wp\/v2\/pages\/7848\/revisions"}],"wp:attachment":[{"href":"https:\/\/mintsnowboarding.com\/fr\/wp-json\/wp\/v2\/media?parent=7848"}],"wp:term":[{"taxonomy":"category","embeddable":true,"href":"https:\/\/mintsnowboarding.com\/fr\/wp-json\/wp\/v2\/categories?post=7848"}],"curies":[{"name":"wp","href":"https:\/\/api.w.org\/{rel}","templated":true}]}}