{"id":7846,"date":"2017-07-28T11:54:37","date_gmt":"2017-07-28T10:54:37","guid":{"rendered":"https:\/\/mintsnowboarding.com\/cours-et-guides-de-backcountry-et-de-splitboard\/"},"modified":"2025-07-29T09:29:25","modified_gmt":"2025-07-29T08:29:25","slug":"cours-et-guides-de-backcountry-et-de-splitboard","status":"publish","type":"page","link":"https:\/\/mintsnowboarding.com\/fr\/cours-et-guides-de-backcountry-et-de-splitboard\/","title":{"rendered":"Camps, cours et guides pour l&rsquo;arri\u00e8re-pays et le splitboard"},"content":{"rendered":"<p>Cours de hors-piste, de backcountry et de splitboarding vers des destinations passionnantes. En savoir plus sur le <a href=\"http:\/\/mintsnowboarding.com\/splitboard-guiding\/\">guidage en Splitboard<\/a> et le <a href=\"http:\/\/mintsnowboarding.com\/backcountry-guiding\/\">guidage dans l&rsquo;arri\u00e8re-pays<\/a><\/p>\n<p>&nbsp;<\/p>\n","protected":false},"excerpt":{"rendered":"Cours de hors-piste, de backcountry et de splitboarding vers des destinations passionnantes. En savoir plus sur le guidage en Splitboard et le guidage dans l&rsquo;arri\u00e8re-pays &nbsp;","protected":false},"author":1,"featured_media":21349,"parent":0,"menu_order":0,"comment_status":"closed","ping_status":"closed","template":"template-camp-overview.php","meta":{"_acf_changed":false,"footnotes":""},"categories":[],"class_list":["post-7846","page","type-page","status-publish","has-post-thumbnail","hentry"],"acf":[],"yoast_head":"<!-- This site is optimized with the Yoast SEO plugin v26.7 - https:\/\/yoast.com\/wordpress\/plugins\/seo\/ -->\n<title>Camps, cours et guides pour l&#039;arri\u00e8re-pays et le splitboard - MINT Snowboarding<\/title>\n<meta name=\"description\" content=\"Guide de snowboard dans l&#039;arri\u00e8re-pays \u00e0 Morzine \/ Avoriaz, surf dans la poudreuse au Japon, ou splitboard du sommet \u00e0 la mer dans l&#039;Arctique norv\u00e9gien.\" \/>\n<meta name=\"robots\" content=\"index, follow, max-snippet:-1, max-image-preview:large, max-video-preview:-1\" \/>\n<link rel=\"canonical\" href=\"https:\/\/mintsnowboarding.com\/fr\/cours-et-guides-de-backcountry-et-de-splitboard\/\" \/>\n<meta property=\"og:locale\" content=\"fr_FR\" \/>\n<meta property=\"og:type\" content=\"article\" \/>\n<meta property=\"og:title\" content=\"Camps, cours et guides pour l&#039;arri\u00e8re-pays et le splitboard - MINT Snowboarding\" \/>\n<meta property=\"og:description\" content=\"Guide de snowboard dans l&#039;arri\u00e8re-pays \u00e0 Morzine \/ Avoriaz, surf dans la poudreuse au Japon, ou splitboard du sommet \u00e0 la mer dans l&#039;Arctique norv\u00e9gien.\" \/>\n<meta property=\"og:url\" content=\"https:\/\/mintsnowboarding.com\/fr\/cours-et-guides-de-backcountry-et-de-splitboard\/\" \/>\n<meta property=\"og:site_name\" content=\"MINT Snowboarding\" \/>\n<meta property=\"article:publisher\" content=\"https:\/\/www.facebook.com\/mintsnowboarding\/\" \/>\n<meta property=\"article:modified_time\" content=\"2025-07-29T08:29:25+00:00\" \/>\n<meta property=\"og:image\" content=\"https:\/\/mintsnowboarding.com\/wp-content\/uploads\/2020\/07\/splitboard-course-europe.jpg\" \/>\n\t<meta property=\"og:image:width\" content=\"4032\" \/>\n\t<meta property=\"og:image:height\" content=\"3024\" \/>\n\t<meta property=\"og:image:type\" content=\"image\/jpeg\" \/>\n<meta name=\"twitter:card\" content=\"summary_large_image\" \/>\n<meta name=\"twitter:site\" content=\"@MINTSnowboard\" \/>\n<script type=\"application\/ld+json\" class=\"yoast-schema-graph\">{\"@context\":\"https:\/\/schema.org\",\"@graph\":[{\"@type\":\"WebPage\",\"@id\":\"https:\/\/mintsnowboarding.com\/fr\/cours-et-guides-de-backcountry-et-de-splitboard\/\",\"url\":\"https:\/\/mintsnowboarding.com\/fr\/cours-et-guides-de-backcountry-et-de-splitboard\/\",\"name\":\"Camps, cours et guides pour l'arri\u00e8re-pays et le splitboard - MINT Snowboarding\",\"isPartOf\":{\"@id\":\"https:\/\/mintsnowboarding.com\/fr\/#website\"},\"primaryImageOfPage\":{\"@id\":\"https:\/\/mintsnowboarding.com\/fr\/cours-et-guides-de-backcountry-et-de-splitboard\/#primaryimage\"},\"image\":{\"@id\":\"https:\/\/mintsnowboarding.com\/fr\/cours-et-guides-de-backcountry-et-de-splitboard\/#primaryimage\"},\"thumbnailUrl\":\"https:\/\/mintsnowboarding.com\/wp-content\/uploads\/2025\/07\/snowboarding-off-piste-in-trees-\u00a9Olly-Bowman-scaled.jpg\",\"datePublished\":\"2017-07-28T10:54:37+00:00\",\"dateModified\":\"2025-07-29T08:29:25+00:00\",\"description\":\"Guide de snowboard dans l'arri\u00e8re-pays \u00e0 Morzine \/ Avoriaz, surf dans la poudreuse au Japon, ou splitboard du sommet \u00e0 la mer dans l'Arctique norv\u00e9gien.\",\"breadcrumb\":{\"@id\":\"https:\/\/mintsnowboarding.com\/fr\/cours-et-guides-de-backcountry-et-de-splitboard\/#breadcrumb\"},\"inLanguage\":\"fr-FR\",\"potentialAction\":[{\"@type\":\"ReadAction\",\"target\":[\"https:\/\/mintsnowboarding.com\/fr\/cours-et-guides-de-backcountry-et-de-splitboard\/\"]}]},{\"@type\":\"ImageObject\",\"inLanguage\":\"fr-FR\",\"@id\":\"https:\/\/mintsnowboarding.com\/fr\/cours-et-guides-de-backcountry-et-de-splitboard\/#primaryimage\",\"url\":\"https:\/\/mintsnowboarding.com\/wp-content\/uploads\/2025\/07\/snowboarding-off-piste-in-trees-\u00a9Olly-Bowman-scaled.jpg\",\"contentUrl\":\"https:\/\/mintsnowboarding.com\/wp-content\/uploads\/2025\/07\/snowboarding-off-piste-in-trees-\u00a9Olly-Bowman-scaled.jpg\",\"width\":2048,\"height\":1367,\"caption\":\"Snowboarding Off Piste In Trees \u00a9Olly Bowman\"},{\"@type\":\"BreadcrumbList\",\"@id\":\"https:\/\/mintsnowboarding.com\/fr\/cours-et-guides-de-backcountry-et-de-splitboard\/#breadcrumb\",\"itemListElement\":[{\"@type\":\"ListItem\",\"position\":1,\"name\":\"Home\",\"item\":\"https:\/\/mintsnowboarding.com\/fr\/accueil\/\"},{\"@type\":\"ListItem\",\"position\":2,\"name\":\"Camps, cours et guides pour l&#8217;arri\u00e8re-pays et le splitboard\"}]},{\"@type\":\"WebSite\",\"@id\":\"https:\/\/mintsnowboarding.com\/fr\/#website\",\"url\":\"https:\/\/mintsnowboarding.com\/fr\/\",\"name\":\"MINT Snowboarding\",\"description\":\"\",\"publisher\":{\"@id\":\"https:\/\/mintsnowboarding.com\/fr\/#organization\"},\"potentialAction\":[{\"@type\":\"SearchAction\",\"target\":{\"@type\":\"EntryPoint\",\"urlTemplate\":\"https:\/\/mintsnowboarding.com\/fr\/?s={search_term_string}\"},\"query-input\":{\"@type\":\"PropertyValueSpecification\",\"valueRequired\":true,\"valueName\":\"search_term_string\"}}],\"inLanguage\":\"fr-FR\"},{\"@type\":\"Organization\",\"@id\":\"https:\/\/mintsnowboarding.com\/fr\/#organization\",\"name\":\"MINT Snowboarding\",\"url\":\"https:\/\/mintsnowboarding.com\/fr\/\",\"logo\":{\"@type\":\"ImageObject\",\"inLanguage\":\"fr-FR\",\"@id\":\"https:\/\/mintsnowboarding.com\/fr\/#\/schema\/logo\/image\/\",\"url\":\"https:\/\/mintsnowboarding.com\/wp-content\/uploads\/2017\/10\/mint-logo-text.png\",\"contentUrl\":\"https:\/\/mintsnowboarding.com\/wp-content\/uploads\/2017\/10\/mint-logo-text.png\",\"width\":486,\"height\":226,\"caption\":\"MINT Snowboarding\"},\"image\":{\"@id\":\"https:\/\/mintsnowboarding.com\/fr\/#\/schema\/logo\/image\/\"},\"sameAs\":[\"https:\/\/www.facebook.com\/mintsnowboarding\/\",\"https:\/\/x.com\/MINTSnowboard\",\"https:\/\/www.instagram.com\/mintsnowboarding\/\"]}]}<\/script>\n<!-- \/ Yoast SEO plugin. -->","yoast_head_json":{"title":"Camps, cours et guides pour l'arri\u00e8re-pays et le splitboard - MINT Snowboarding","description":"Guide de snowboard dans l'arri\u00e8re-pays \u00e0 Morzine \/ Avoriaz, surf dans la poudreuse au Japon, ou splitboard du sommet \u00e0 la mer dans l'Arctique norv\u00e9gien.","robots":{"index":"index","follow":"follow","max-snippet":"max-snippet:-1","max-image-preview":"max-image-preview:large","max-video-preview":"max-video-preview:-1"},"canonical":"https:\/\/mintsnowboarding.com\/fr\/cours-et-guides-de-backcountry-et-de-splitboard\/","og_locale":"fr_FR","og_type":"article","og_title":"Camps, cours et guides pour l'arri\u00e8re-pays et le splitboard - MINT Snowboarding","og_description":"Guide de snowboard dans l'arri\u00e8re-pays \u00e0 Morzine \/ Avoriaz, surf dans la poudreuse au Japon, ou splitboard du sommet \u00e0 la mer dans l'Arctique norv\u00e9gien.","og_url":"https:\/\/mintsnowboarding.com\/fr\/cours-et-guides-de-backcountry-et-de-splitboard\/","og_site_name":"MINT Snowboarding","article_publisher":"https:\/\/www.facebook.com\/mintsnowboarding\/","article_modified_time":"2025-07-29T08:29:25+00:00","og_image":[{"width":4032,"height":3024,"url":"https:\/\/mintsnowboarding.com\/wp-content\/uploads\/2020\/07\/splitboard-course-europe.jpg","type":"image\/jpeg"}],"twitter_card":"summary_large_image","twitter_site":"@MINTSnowboard","schema":{"@context":"https:\/\/schema.org","@graph":[{"@type":"WebPage","@id":"https:\/\/mintsnowboarding.com\/fr\/cours-et-guides-de-backcountry-et-de-splitboard\/","url":"https:\/\/mintsnowboarding.com\/fr\/cours-et-guides-de-backcountry-et-de-splitboard\/","name":"Camps, cours et guides pour l'arri\u00e8re-pays et le splitboard - MINT Snowboarding","isPartOf":{"@id":"https:\/\/mintsnowboarding.com\/fr\/#website"},"primaryImageOfPage":{"@id":"https:\/\/mintsnowboarding.com\/fr\/cours-et-guides-de-backcountry-et-de-splitboard\/#primaryimage"},"image":{"@id":"https:\/\/mintsnowboarding.com\/fr\/cours-et-guides-de-backcountry-et-de-splitboard\/#primaryimage"},"thumbnailUrl":"https:\/\/mintsnowboarding.com\/wp-content\/uploads\/2025\/07\/snowboarding-off-piste-in-trees-\u00a9Olly-Bowman-scaled.jpg","datePublished":"2017-07-28T10:54:37+00:00","dateModified":"2025-07-29T08:29:25+00:00","description":"Guide de snowboard dans l'arri\u00e8re-pays \u00e0 Morzine \/ Avoriaz, surf dans la poudreuse au Japon, ou splitboard du sommet \u00e0 la mer dans l'Arctique norv\u00e9gien.","breadcrumb":{"@id":"https:\/\/mintsnowboarding.com\/fr\/cours-et-guides-de-backcountry-et-de-splitboard\/#breadcrumb"},"inLanguage":"fr-FR","potentialAction":[{"@type":"ReadAction","target":["https:\/\/mintsnowboarding.com\/fr\/cours-et-guides-de-backcountry-et-de-splitboard\/"]}]},{"@type":"ImageObject","inLanguage":"fr-FR","@id":"https:\/\/mintsnowboarding.com\/fr\/cours-et-guides-de-backcountry-et-de-splitboard\/#primaryimage","url":"https:\/\/mintsnowboarding.com\/wp-content\/uploads\/2025\/07\/snowboarding-off-piste-in-trees-\u00a9Olly-Bowman-scaled.jpg","contentUrl":"https:\/\/mintsnowboarding.com\/wp-content\/uploads\/2025\/07\/snowboarding-off-piste-in-trees-\u00a9Olly-Bowman-scaled.jpg","width":2048,"height":1367,"caption":"Snowboarding Off Piste In Trees \u00a9Olly Bowman"},{"@type":"BreadcrumbList","@id":"https:\/\/mintsnowboarding.com\/fr\/cours-et-guides-de-backcountry-et-de-splitboard\/#breadcrumb","itemListElement":[{"@type":"ListItem","position":1,"name":"Home","item":"https:\/\/mintsnowboarding.com\/fr\/accueil\/"},{"@type":"ListItem","position":2,"name":"Camps, cours et guides pour l&#8217;arri\u00e8re-pays et le splitboard"}]},{"@type":"WebSite","@id":"https:\/\/mintsnowboarding.com\/fr\/#website","url":"https:\/\/mintsnowboarding.com\/fr\/","name":"MINT Snowboarding","description":"","publisher":{"@id":"https:\/\/mintsnowboarding.com\/fr\/#organization"},"potentialAction":[{"@type":"SearchAction","target":{"@type":"EntryPoint","urlTemplate":"https:\/\/mintsnowboarding.com\/fr\/?s={search_term_string}"},"query-input":{"@type":"PropertyValueSpecification","valueRequired":true,"valueName":"search_term_string"}}],"inLanguage":"fr-FR"},{"@type":"Organization","@id":"https:\/\/mintsnowboarding.com\/fr\/#organization","name":"MINT Snowboarding","url":"https:\/\/mintsnowboarding.com\/fr\/","logo":{"@type":"ImageObject","inLanguage":"fr-FR","@id":"https:\/\/mintsnowboarding.com\/fr\/#\/schema\/logo\/image\/","url":"https:\/\/mintsnowboarding.com\/wp-content\/uploads\/2017\/10\/mint-logo-text.png","contentUrl":"https:\/\/mintsnowboarding.com\/wp-content\/uploads\/2017\/10\/mint-logo-text.png","width":486,"height":226,"caption":"MINT Snowboarding"},"image":{"@id":"https:\/\/mintsnowboarding.com\/fr\/#\/schema\/logo\/image\/"},"sameAs":["https:\/\/www.facebook.com\/mintsnowboarding\/","https:\/\/x.com\/MINTSnowboard","https:\/\/www.instagram.com\/mintsnowboarding\/"]}]}},"_links":{"self":[{"href":"https:\/\/mintsnowboarding.com\/fr\/wp-json\/wp\/v2\/pages\/7846","targetHints":{"allow":["GET"]}}],"collection":[{"href":"https:\/\/mintsnowboarding.com\/fr\/wp-json\/wp\/v2\/pages"}],"about":[{"href":"https:\/\/mintsnowboarding.com\/fr\/wp-json\/wp\/v2\/types\/page"}],"author":[{"embeddable":true,"href":"https:\/\/mintsnowboarding.com\/fr\/wp-json\/wp\/v2\/users\/1"}],"replies":[{"embeddable":true,"href":"https:\/\/mintsnowboarding.com\/fr\/wp-json\/wp\/v2\/comments?post=7846"}],"version-history":[{"count":1,"href":"https:\/\/mintsnowboarding.com\/fr\/wp-json\/wp\/v2\/pages\/7846\/revisions"}],"predecessor-version":[{"id":20713,"href":"https:\/\/mintsnowboarding.com\/fr\/wp-json\/wp\/v2\/pages\/7846\/revisions\/20713"}],"wp:featuredmedia":[{"embeddable":true,"href":"https:\/\/mintsnowboarding.com\/fr\/wp-json\/wp\/v2\/media\/21349"}],"wp:attachment":[{"href":"https:\/\/mintsnowboarding.com\/fr\/wp-json\/wp\/v2\/media?parent=7846"}],"wp:term":[{"taxonomy":"category","embeddable":true,"href":"https:\/\/mintsnowboarding.com\/fr\/wp-json\/wp\/v2\/categories?post=7846"}],"curies":[{"name":"wp","href":"https:\/\/api.w.org\/{rel}","templated":true}]}}