{"id":7840,"date":"2017-09-27T11:05:23","date_gmt":"2017-09-27T10:05:23","guid":{"rendered":"https:\/\/mintsnowboarding.com\/dans-les-medias\/"},"modified":"2023-10-24T15:22:32","modified_gmt":"2023-10-24T14:22:32","slug":"dans-les-medias","status":"publish","type":"page","link":"https:\/\/mintsnowboarding.com\/fr\/dans-les-medias\/","title":{"rendered":"Dans les m\u00e9dias"},"content":{"rendered":"<blockquote>\n<h3><img loading=\"lazy\" decoding=\"async\" class=\"alignnone size-full wp-image-1860\" src=\"https:\/\/mintsnowboarding.com\/wp-content\/uploads\/2017\/09\/guardian-logo.png\" alt=\"\" width=\"152\" height=\"82\" srcset=\"https:\/\/mintsnowboarding.com\/wp-content\/uploads\/2017\/09\/guardian-logo.png 152w, https:\/\/mintsnowboarding.com\/wp-content\/uploads\/2017\/09\/guardian-logo-150x82.png 150w\" sizes=\"auto, (max-width: 152px) 100vw, 152px\" \/><\/h3>\n<p><a href=\"https:\/\/www.theguardian.com\/travel\/2014\/oct\/25\/skiing-snowboarding-2014-15-experts-tips-new-season\" target=\"_blank\" rel=\"noopener\">Conseils d&rsquo;experts en snowboard<\/a><br \/>\n<a href=\"https:\/\/www.theguardian.com\/travel\/2014\/feb\/10\/sochi-olympics-where-to-learn-winter-sports\" target=\"_blank\" rel=\"noopener\">Jeux olympiques de Sotchi<\/a><br \/>\n<a href=\"https:\/\/www.theguardian.com\/travel\/2011\/feb\/05\/ski-snowboard-funny-stories\" target=\"_blank\" rel=\"noopener\">Snowboarding &#8211; Histoires dr\u00f4les<br \/>\n<\/a><\/p><\/blockquote>\n<h3><\/h3>\n<blockquote>\n<h3><img loading=\"lazy\" decoding=\"async\" class=\"alignnone size-full wp-image-1861\" src=\"https:\/\/mintsnowboarding.com\/wp-content\/uploads\/2017\/09\/telegraph-logo.png\" alt=\"\" width=\"152\" height=\"82\" srcset=\"https:\/\/mintsnowboarding.com\/wp-content\/uploads\/2017\/09\/telegraph-logo.png 152w, https:\/\/mintsnowboarding.com\/wp-content\/uploads\/2017\/09\/telegraph-logo-150x82.png 150w\" sizes=\"auto, (max-width: 152px) 100vw, 152px\" \/><\/h3>\n<p><a href=\"http:\/\/www.telegraph.co.uk\/travel\/ski\/articles\/best-ski-holidays-for-improvers-intermediates\/\" target=\"_blank\" rel=\"noopener\">Les meilleures vacances de ski pour les d\u00e9butants<\/a><br \/>\n<a href=\"http:\/\/www.telegraph.co.uk\/travel\/ski\/news\/world-snow-awards-winners-2016\/\" target=\"_blank\" rel=\"noopener\">Laur\u00e9ats du World Snow Award 2016<\/a><br \/>\n<a href=\"http:\/\/www.telegraph.co.uk\/travel\/snowandski\/features\/10740408\/Why-late-season-skiing-is-best-for-families.html\" target=\"_blank\" rel=\"noopener\">Pourquoi l&#8217;embarquement en fin de saison est le meilleur pour les familles<br \/>\n<\/a><\/p><\/blockquote>\n<h3><\/h3>\n<blockquote>\n<h3><img loading=\"lazy\" decoding=\"async\" class=\"alignnone wp-image-2677 size-full\" src=\"https:\/\/mintsnowboarding.com\/wp-content\/uploads\/2018\/06\/snowmagazine-logo-e1528473839621.jpg\" alt=\"Logo du magazine Snow\" width=\"152\" height=\"82\"><\/h3>\n<p><a href=\"http:\/\/www.snowmagazine.com\/features\/1204-snow-family\/kids-on-board\" target=\"_blank\" rel=\"noopener\">Des enfants sur un plateau<br \/>\n<\/a><\/p><\/blockquote>\n<h3><\/h3>\n<blockquote>\n<h3><img loading=\"lazy\" decoding=\"async\" class=\"alignnone size-full wp-image-1858\" src=\"https:\/\/mintsnowboarding.com\/wp-content\/uploads\/2017\/09\/daily-mail-logo.png\" alt=\"\" width=\"152\" height=\"82\" srcset=\"https:\/\/mintsnowboarding.com\/wp-content\/uploads\/2017\/09\/daily-mail-logo.png 152w, https:\/\/mintsnowboarding.com\/wp-content\/uploads\/2017\/09\/daily-mail-logo-150x82.png 150w\" sizes=\"auto, (max-width: 152px) 100vw, 152px\" \/><\/h3>\n<p><a href=\"http:\/\/www.dailymail.co.uk\/travel\/article-3407005\/Can-young-children-learn-snowboard-MailOnline-Travel-test-mini-shred-school-kids.html\" target=\"_blank\" rel=\"noopener\">Les jeunes enfants peuvent-ils apprendre \u00e0 faire du snowboard ?<br \/>\n<\/a><\/p><\/blockquote>\n<h3><\/h3>\n<blockquote>\n<h3><img loading=\"lazy\" decoding=\"async\" class=\"alignnone wp-image-2678 size-full\" src=\"https:\/\/mintsnowboarding.com\/wp-content\/uploads\/2018\/06\/cooler-magazine-logo-e1528474418163.jpg\" alt=\"Logo du magazine Cooler\" width=\"152\" height=\"82\"><\/h3>\n<p><a href=\"https:\/\/coolerlifestyle.com\/features\/snow-features\/tammy-esten.html\" target=\"_blank\" rel=\"noopener\">Interview de Tammy Esten<br \/>\n<\/a><\/p><\/blockquote>\n<h3><\/h3>\n<blockquote>\n<h3><img loading=\"lazy\" decoding=\"async\" class=\"alignnone wp-image-2675 size-full\" src=\"https:\/\/mintsnowboarding.com\/wp-content\/uploads\/2018\/06\/WLSLIDE-e1528472883856.jpg\" alt=\"Magazine de snowboard Whitelines\" width=\"152\" height=\"82\"><\/h3>\n<p><a href=\"https:\/\/whitelines.com\/videos\/wltv\/mint-snowboard-school-teach-kids.html\" target=\"_blank\" rel=\"noopener\">L&rsquo;\u00e9cole de snowboard MINT sur la fa\u00e7on d&rsquo;enseigner \u00e0 vos enfants<br \/>\n<\/a><\/p><\/blockquote>\n<h3><\/h3>\n<blockquote>\n<h3><img loading=\"lazy\" decoding=\"async\" class=\"alignnone size-full wp-image-2687\" src=\"https:\/\/mintsnowboarding.com\/wp-content\/uploads\/2018\/06\/TSA_LOGO_2017_FULL_BLACK_TRANS.jpg\" alt=\"LOGO TSA  \" width=\"152\" height=\"82\" srcset=\"https:\/\/mintsnowboarding.com\/wp-content\/uploads\/2018\/06\/TSA_LOGO_2017_FULL_BLACK_TRANS.jpg 152w, https:\/\/mintsnowboarding.com\/wp-content\/uploads\/2018\/06\/TSA_LOGO_2017_FULL_BLACK_TRANS-150x82.jpg 150w\" sizes=\"auto, (max-width: 152px) 100vw, 152px\" \/><\/h3>\n<p><a href=\"https:\/\/www.snowboard-asylum.com\/advice-inspiration\/blogs\/news-and-blogs\/why-take-snowboard-lessons\" target=\"_blank\" rel=\"noopener\">Pourquoi prendre des le\u00e7ons de snowboard<\/a>\n<\/p><\/blockquote>\n<h3><\/h3>\n<blockquote>\n<h3><img loading=\"lazy\" decoding=\"async\" class=\"alignnone wp-image-2683 size-full\" src=\"https:\/\/mintsnowboarding.com\/wp-content\/uploads\/2018\/06\/AWE365-logo-e1528622945474.jpg\" alt=\"\" width=\"152\" height=\"82\"><\/h3>\n<p><a href=\"https:\/\/awe365.com\/review-of-mint-snowboarding-backcountry-camp-in-portes-du-soleil\/\" target=\"_blank\" rel=\"noopener\">Camp de snowboarding backcountry MINT dans les Portes du Soleil<br \/>\n<\/a><\/p><\/blockquote>\n<h3><\/h3>\n<blockquote>\n<h3><img loading=\"lazy\" decoding=\"async\" class=\"alignnone wp-image-2684 size-full\" src=\"https:\/\/mintsnowboarding.com\/wp-content\/uploads\/2018\/06\/onboard-logo-e1528623294349.jpg\" alt=\"Logo \u00e0 bord\" width=\"152\" height=\"82\"><\/h3>\n<p><a href=\"https:\/\/onboardmag.com\/videos\/the-mini-shred-movement-snowboarding-baby.html#xv60sP7FBS2Z3D8I.97\" target=\"_blank\" rel=\"noopener\">Le mouvement Mini Shred<br \/>\n<\/a><\/p><\/blockquote>\n<h3><\/h3>\n<blockquote>\n<h3><img loading=\"lazy\" decoding=\"async\" class=\"alignnone wp-image-2686 size-full\" src=\"https:\/\/mintsnowboarding.com\/wp-content\/uploads\/2018\/06\/mpora-logo-e1528623939674.jpg\" alt=\"Logo Mpora\" width=\"152\" height=\"82\"><\/h3>\n<p><a href=\"https:\/\/mpora.com\/snowboarding\/9-mistakes-every-snowboarder-makes-riding-off-piste-first-time#FAmFVmYxzOwyvFI7.97\" target=\"_blank\" rel=\"noopener\">9 erreurs que les snowboarders font hors-piste la premi\u00e8re fois<\/a><br \/>\n<a href=\"https:\/\/mpora.com\/snowboarding\/forever-young-inspiring-story-man-decided-take-snowboarding-aged-73#r1VS3SOfD0cfECqO.97\" target=\"_blank\" rel=\"noopener\">Forever Young &#8211; L&rsquo;histoire inspirante d&rsquo;un homme de 73 ans<\/a><\/p><\/blockquote>\n<h3><\/h3>\n<blockquote>\n<h3>Tongues pour ordinateur portable<\/h3>\n<p><a href=\"https:\/\/laptopflipflop.com\/2016\/03\/08\/off-piste-back-country-snowboarding\/\" target=\"_blank\" rel=\"noopener\">Snowboarding hors-piste dans l&rsquo;arri\u00e8re-pays<br \/>\n<\/a><\/p><\/blockquote>\n","protected":false},"excerpt":{"rendered":"Conseils d&rsquo;experts en snowboard Jeux olympiques de Sotchi Snowboarding &#8211; Histoires dr\u00f4les Les meilleures vacances de ski pour les d\u00e9butants Laur\u00e9ats du World Snow Award 2016 Pourquoi l&#8217;embarquement en fin de saison est le meilleur pour les familles Des enfants sur un plateau Les jeunes enfants peuvent-ils apprendre \u00e0 faire du snowboard ? Interview de&#8230;","protected":false},"author":1,"featured_media":0,"parent":0,"menu_order":0,"comment_status":"closed","ping_status":"closed","template":"","meta":{"_acf_changed":false,"footnotes":""},"categories":[],"class_list":["post-7840","page","type-page","status-publish","hentry"],"acf":[],"yoast_head":"<!-- This site is optimized with the Yoast SEO plugin v26.7 - https:\/\/yoast.com\/wordpress\/plugins\/seo\/ -->\n<title>Dans les m\u00e9dias - MINT Snowboarding<\/title>\n<meta name=\"robots\" content=\"index, follow, max-snippet:-1, max-image-preview:large, max-video-preview:-1\" \/>\n<link rel=\"canonical\" href=\"https:\/\/mintsnowboarding.com\/fr\/dans-les-medias\/\" \/>\n<meta property=\"og:locale\" content=\"fr_FR\" \/>\n<meta property=\"og:type\" content=\"article\" \/>\n<meta property=\"og:title\" content=\"Dans les m\u00e9dias - MINT Snowboarding\" \/>\n<meta property=\"og:description\" content=\"Conseils d&rsquo;experts en snowboard Jeux olympiques de Sotchi Snowboarding &#8211; Histoires dr\u00f4les Les meilleures vacances de ski pour les d\u00e9butants Laur\u00e9ats du World Snow Award 2016 Pourquoi l&#8217;embarquement en fin de saison est le meilleur pour les familles Des enfants sur un plateau Les jeunes enfants peuvent-ils apprendre \u00e0 faire du snowboard ? Interview de...\" \/>\n<meta property=\"og:url\" content=\"https:\/\/mintsnowboarding.com\/fr\/dans-les-medias\/\" \/>\n<meta property=\"og:site_name\" content=\"MINT Snowboarding\" \/>\n<meta property=\"article:publisher\" content=\"https:\/\/www.facebook.com\/mintsnowboarding\/\" \/>\n<meta property=\"article:modified_time\" content=\"2023-10-24T14:22:32+00:00\" \/>\n<meta property=\"og:image\" content=\"https:\/\/mintsnowboarding.com\/wp-content\/uploads\/2017\/09\/guardian-logo.png\" \/>\n<meta name=\"twitter:card\" content=\"summary_large_image\" \/>\n<meta name=\"twitter:site\" content=\"@MINTSnowboard\" \/>\n<meta name=\"twitter:label1\" content=\"Dur\u00e9e de lecture estim\u00e9e\" \/>\n\t<meta name=\"twitter:data1\" content=\"1 minute\" \/>\n<script type=\"application\/ld+json\" class=\"yoast-schema-graph\">{\"@context\":\"https:\/\/schema.org\",\"@graph\":[{\"@type\":\"WebPage\",\"@id\":\"https:\/\/mintsnowboarding.com\/fr\/dans-les-medias\/\",\"url\":\"https:\/\/mintsnowboarding.com\/fr\/dans-les-medias\/\",\"name\":\"Dans les m\u00e9dias - MINT Snowboarding\",\"isPartOf\":{\"@id\":\"https:\/\/mintsnowboarding.com\/fr\/#website\"},\"primaryImageOfPage\":{\"@id\":\"https:\/\/mintsnowboarding.com\/fr\/dans-les-medias\/#primaryimage\"},\"image\":{\"@id\":\"https:\/\/mintsnowboarding.com\/fr\/dans-les-medias\/#primaryimage\"},\"thumbnailUrl\":\"https:\/\/mintsnowboarding.com\/wp-content\/uploads\/2017\/09\/guardian-logo.png\",\"datePublished\":\"2017-09-27T10:05:23+00:00\",\"dateModified\":\"2023-10-24T14:22:32+00:00\",\"breadcrumb\":{\"@id\":\"https:\/\/mintsnowboarding.com\/fr\/dans-les-medias\/#breadcrumb\"},\"inLanguage\":\"fr-FR\",\"potentialAction\":[{\"@type\":\"ReadAction\",\"target\":[\"https:\/\/mintsnowboarding.com\/fr\/dans-les-medias\/\"]}]},{\"@type\":\"ImageObject\",\"inLanguage\":\"fr-FR\",\"@id\":\"https:\/\/mintsnowboarding.com\/fr\/dans-les-medias\/#primaryimage\",\"url\":\"https:\/\/mintsnowboarding.com\/wp-content\/uploads\/2017\/09\/guardian-logo.png\",\"contentUrl\":\"https:\/\/mintsnowboarding.com\/wp-content\/uploads\/2017\/09\/guardian-logo.png\"},{\"@type\":\"BreadcrumbList\",\"@id\":\"https:\/\/mintsnowboarding.com\/fr\/dans-les-medias\/#breadcrumb\",\"itemListElement\":[{\"@type\":\"ListItem\",\"position\":1,\"name\":\"Home\",\"item\":\"https:\/\/mintsnowboarding.com\/fr\/accueil\/\"},{\"@type\":\"ListItem\",\"position\":2,\"name\":\"Dans les m\u00e9dias\"}]},{\"@type\":\"WebSite\",\"@id\":\"https:\/\/mintsnowboarding.com\/fr\/#website\",\"url\":\"https:\/\/mintsnowboarding.com\/fr\/\",\"name\":\"MINT Snowboarding\",\"description\":\"\",\"publisher\":{\"@id\":\"https:\/\/mintsnowboarding.com\/fr\/#organization\"},\"potentialAction\":[{\"@type\":\"SearchAction\",\"target\":{\"@type\":\"EntryPoint\",\"urlTemplate\":\"https:\/\/mintsnowboarding.com\/fr\/?s={search_term_string}\"},\"query-input\":{\"@type\":\"PropertyValueSpecification\",\"valueRequired\":true,\"valueName\":\"search_term_string\"}}],\"inLanguage\":\"fr-FR\"},{\"@type\":\"Organization\",\"@id\":\"https:\/\/mintsnowboarding.com\/fr\/#organization\",\"name\":\"MINT Snowboarding\",\"url\":\"https:\/\/mintsnowboarding.com\/fr\/\",\"logo\":{\"@type\":\"ImageObject\",\"inLanguage\":\"fr-FR\",\"@id\":\"https:\/\/mintsnowboarding.com\/fr\/#\/schema\/logo\/image\/\",\"url\":\"https:\/\/mintsnowboarding.com\/wp-content\/uploads\/2017\/10\/mint-logo-text.png\",\"contentUrl\":\"https:\/\/mintsnowboarding.com\/wp-content\/uploads\/2017\/10\/mint-logo-text.png\",\"width\":486,\"height\":226,\"caption\":\"MINT Snowboarding\"},\"image\":{\"@id\":\"https:\/\/mintsnowboarding.com\/fr\/#\/schema\/logo\/image\/\"},\"sameAs\":[\"https:\/\/www.facebook.com\/mintsnowboarding\/\",\"https:\/\/x.com\/MINTSnowboard\",\"https:\/\/www.instagram.com\/mintsnowboarding\/\"]}]}<\/script>\n<!-- \/ Yoast SEO plugin. -->","yoast_head_json":{"title":"Dans les m\u00e9dias - MINT Snowboarding","robots":{"index":"index","follow":"follow","max-snippet":"max-snippet:-1","max-image-preview":"max-image-preview:large","max-video-preview":"max-video-preview:-1"},"canonical":"https:\/\/mintsnowboarding.com\/fr\/dans-les-medias\/","og_locale":"fr_FR","og_type":"article","og_title":"Dans les m\u00e9dias - MINT Snowboarding","og_description":"Conseils d&rsquo;experts en snowboard Jeux olympiques de Sotchi Snowboarding &#8211; Histoires dr\u00f4les Les meilleures vacances de ski pour les d\u00e9butants Laur\u00e9ats du World Snow Award 2016 Pourquoi l&#8217;embarquement en fin de saison est le meilleur pour les familles Des enfants sur un plateau Les jeunes enfants peuvent-ils apprendre \u00e0 faire du snowboard ? Interview de...","og_url":"https:\/\/mintsnowboarding.com\/fr\/dans-les-medias\/","og_site_name":"MINT Snowboarding","article_publisher":"https:\/\/www.facebook.com\/mintsnowboarding\/","article_modified_time":"2023-10-24T14:22:32+00:00","og_image":[{"url":"https:\/\/mintsnowboarding.com\/wp-content\/uploads\/2017\/09\/guardian-logo.png","type":"","width":"","height":""}],"twitter_card":"summary_large_image","twitter_site":"@MINTSnowboard","twitter_misc":{"Dur\u00e9e de lecture estim\u00e9e":"1 minute"},"schema":{"@context":"https:\/\/schema.org","@graph":[{"@type":"WebPage","@id":"https:\/\/mintsnowboarding.com\/fr\/dans-les-medias\/","url":"https:\/\/mintsnowboarding.com\/fr\/dans-les-medias\/","name":"Dans les m\u00e9dias - MINT Snowboarding","isPartOf":{"@id":"https:\/\/mintsnowboarding.com\/fr\/#website"},"primaryImageOfPage":{"@id":"https:\/\/mintsnowboarding.com\/fr\/dans-les-medias\/#primaryimage"},"image":{"@id":"https:\/\/mintsnowboarding.com\/fr\/dans-les-medias\/#primaryimage"},"thumbnailUrl":"https:\/\/mintsnowboarding.com\/wp-content\/uploads\/2017\/09\/guardian-logo.png","datePublished":"2017-09-27T10:05:23+00:00","dateModified":"2023-10-24T14:22:32+00:00","breadcrumb":{"@id":"https:\/\/mintsnowboarding.com\/fr\/dans-les-medias\/#breadcrumb"},"inLanguage":"fr-FR","potentialAction":[{"@type":"ReadAction","target":["https:\/\/mintsnowboarding.com\/fr\/dans-les-medias\/"]}]},{"@type":"ImageObject","inLanguage":"fr-FR","@id":"https:\/\/mintsnowboarding.com\/fr\/dans-les-medias\/#primaryimage","url":"https:\/\/mintsnowboarding.com\/wp-content\/uploads\/2017\/09\/guardian-logo.png","contentUrl":"https:\/\/mintsnowboarding.com\/wp-content\/uploads\/2017\/09\/guardian-logo.png"},{"@type":"BreadcrumbList","@id":"https:\/\/mintsnowboarding.com\/fr\/dans-les-medias\/#breadcrumb","itemListElement":[{"@type":"ListItem","position":1,"name":"Home","item":"https:\/\/mintsnowboarding.com\/fr\/accueil\/"},{"@type":"ListItem","position":2,"name":"Dans les m\u00e9dias"}]},{"@type":"WebSite","@id":"https:\/\/mintsnowboarding.com\/fr\/#website","url":"https:\/\/mintsnowboarding.com\/fr\/","name":"MINT Snowboarding","description":"","publisher":{"@id":"https:\/\/mintsnowboarding.com\/fr\/#organization"},"potentialAction":[{"@type":"SearchAction","target":{"@type":"EntryPoint","urlTemplate":"https:\/\/mintsnowboarding.com\/fr\/?s={search_term_string}"},"query-input":{"@type":"PropertyValueSpecification","valueRequired":true,"valueName":"search_term_string"}}],"inLanguage":"fr-FR"},{"@type":"Organization","@id":"https:\/\/mintsnowboarding.com\/fr\/#organization","name":"MINT Snowboarding","url":"https:\/\/mintsnowboarding.com\/fr\/","logo":{"@type":"ImageObject","inLanguage":"fr-FR","@id":"https:\/\/mintsnowboarding.com\/fr\/#\/schema\/logo\/image\/","url":"https:\/\/mintsnowboarding.com\/wp-content\/uploads\/2017\/10\/mint-logo-text.png","contentUrl":"https:\/\/mintsnowboarding.com\/wp-content\/uploads\/2017\/10\/mint-logo-text.png","width":486,"height":226,"caption":"MINT Snowboarding"},"image":{"@id":"https:\/\/mintsnowboarding.com\/fr\/#\/schema\/logo\/image\/"},"sameAs":["https:\/\/www.facebook.com\/mintsnowboarding\/","https:\/\/x.com\/MINTSnowboard","https:\/\/www.instagram.com\/mintsnowboarding\/"]}]}},"_links":{"self":[{"href":"https:\/\/mintsnowboarding.com\/fr\/wp-json\/wp\/v2\/pages\/7840","targetHints":{"allow":["GET"]}}],"collection":[{"href":"https:\/\/mintsnowboarding.com\/fr\/wp-json\/wp\/v2\/pages"}],"about":[{"href":"https:\/\/mintsnowboarding.com\/fr\/wp-json\/wp\/v2\/types\/page"}],"author":[{"embeddable":true,"href":"https:\/\/mintsnowboarding.com\/fr\/wp-json\/wp\/v2\/users\/1"}],"replies":[{"embeddable":true,"href":"https:\/\/mintsnowboarding.com\/fr\/wp-json\/wp\/v2\/comments?post=7840"}],"version-history":[{"count":0,"href":"https:\/\/mintsnowboarding.com\/fr\/wp-json\/wp\/v2\/pages\/7840\/revisions"}],"wp:attachment":[{"href":"https:\/\/mintsnowboarding.com\/fr\/wp-json\/wp\/v2\/media?parent=7840"}],"wp:term":[{"taxonomy":"category","embeddable":true,"href":"https:\/\/mintsnowboarding.com\/fr\/wp-json\/wp\/v2\/categories?post=7840"}],"curies":[{"name":"wp","href":"https:\/\/api.w.org\/{rel}","templated":true}]}}