{"id":7832,"date":"2018-01-29T10:43:42","date_gmt":"2018-01-29T10:43:42","guid":{"rendered":"https:\/\/mintsnowboarding.com\/guidage-en-splitboard\/"},"modified":"2023-10-24T15:20:59","modified_gmt":"2023-10-24T14:20:59","slug":"guidage-en-splitboard","status":"publish","type":"page","link":"https:\/\/mintsnowboarding.com\/fr\/guidage-en-splitboard\/","title":{"rendered":"Guidage en Splitboard"},"content":{"rendered":"<p>Le splitboard est le moyen ultime de profiter d&rsquo;aventures \u00e9piques et de descentes dans la poudreuse intacte dans le backcountry. Si vous avez toujours voulu explorer l&rsquo;arri\u00e8re-pays sur un snowboard, le splitboard est fait pour vous !<\/p>\n<p>\u00cates-vous intrigu\u00e9 et d\u00e9sireux d&rsquo;essayer le splitboard pour la premi\u00e8re fois ? Nous pouvons vous enseigner les techniques de randonn\u00e9e en splitboard ainsi que les comp\u00e9tences essentielles en mati\u00e8re de s\u00e9curit\u00e9 en montagne.<\/p>\n<p>Vous \u00eates peut-\u00eatre un splitboarder exp\u00e9riment\u00e9 et vous voulez aller rider un sommet ou vous \u00eates pr\u00eat pour votre premi\u00e8re randonn\u00e9e \u00e0 ski de refuge en refuge ?<\/p>\n<p>Chez MINT Snowboarding, nous avons l&rsquo;un des rares moniteurs de snowboard enti\u00e8rement qualifi\u00e9s au monde qui est \u00e9galement un guide de montagne enti\u00e8rement qualifi\u00e9 travaillant avec nous. David Gladwin est un guide de montagne UIAGM qui vit, travaille et joue dans les Alpes depuis plus de 20 ans. David peut \u00e9galement guider des groupes de ski de randonn\u00e9e ou des groupes mixtes de skieurs et de snowboarders.<\/p>\n<p>&nbsp;<\/p>\n<h1>GUIDE PRIV\u00c9 DE SPLITBOARD<\/h1>\n<p>Des excursions d&rsquo;une journ\u00e9e aux voyages de plusieurs jours, nous proposons des guides et des parcours de splitboard dans toutes les Alpes, ainsi qu&rsquo;\u00e0 Morzine, Avoriaz et dans le reste des Portes du Soleil. Rejoignez-nous sur des itin\u00e9raires classiques ou parlez-nous et nous pouvons cr\u00e9er votre propre aventure de splitboard sur mesure dans des zones recul\u00e9es, en passant la nuit dans des refuges de montagne.<\/p>\n<p>Rejoignez-nous pour d\u00e9couvrir en snowboard les randonn\u00e9es classiques et moins connues autour des Portes du Soleil : <a href=\"https:\/\/mintsnowboarding.com\/guiding\/pointe-de-chalune\/\" target=\"_blank\" rel=\"noopener noreferrer\">Pointe de Chalune<\/a>, <a href=\"https:\/\/mintsnowboarding.com\/guiding\/pointe-de-chesery\/\" target=\"_blank\" rel=\"noopener noreferrer\">Pointe de Chesery<\/a>, <a href=\"https:\/\/mintsnowboarding.com\/guiding\/la-berte-col-de-cou\/\" target=\"_blank\" rel=\"noopener noreferrer\">La Berte \/ Col de Cou<\/a>, <a href=\"https:\/\/mintsnowboarding.com\/guiding\/pointe-de-la-golaise-2\/\" target=\"_blank\" rel=\"noopener noreferrer\">Pointe de la Golaise<\/a> et bien d&rsquo;autres encore. La r\u00e9gion des Portes du Soleil offre un large \u00e9ventail d&rsquo;itin\u00e9raires, allant de l&rsquo;initiation au splitboard \u00e0 la descente de couloirs tr\u00e8s raides, en passant par toutes les autres possibilit\u00e9s.<\/p>\n<p>&nbsp;<\/p>\n<div class=\"hero-image-second-line-descriptor\">\n<h1><strong>COURS DE SPLITBOARD 2022<\/strong><\/h1>\n<p>Pour l&rsquo;hiver 2022, nous organisons les cours de Splitboard europ\u00e9ens suivants :<\/p>\n<ul>\n<li><a href=\"https:\/\/mintsnowboarding.com\/backcountry\/splitboard-hut-trip\/\"><strong>Voyage en refuge de Splitboard<\/strong><\/a>\n<ul>\n<li>Un week-end de 3 jours en cabane au Grand St Bernard en Suisse<\/li>\n<li>18 &#8211; 20 f\u00e9vrier 2022<\/li>\n<\/ul>\n<\/li>\n<\/ul>\n<ul>\n<li><strong><a href=\"https:\/\/mintsnowboarding.com\/backcountry\/chablais-splitboard-explorer\/\">Chablais Splitboard Explorer<\/a><\/strong>\n<ul>\n<li>Un stage de 5 jours pour explorer le c\u00f4t\u00e9 sauvage de la r\u00e9gion du Chablais<\/li>\n<li>14 &#8211; 18 mars 2022<\/li>\n<\/ul>\n<\/li>\n<\/ul>\n<ul>\n<li><strong><a href=\"https:\/\/mintsnowboarding.com\/backcountry\/lofoten-splitboard-arctic-norway\/\">Lofoten Splitboard Adventure<\/a><\/strong>\n<ul>\n<li>Un voyage en splitboard de toute une vie dans l&rsquo;\u00e9poustouflante Norv\u00e8ge arctique.<\/li>\n<li>27 mars &#8211; 3 avril 2022<\/li>\n<\/ul>\n<p>&nbsp;<\/li>\n<\/ul>\n<\/div>\n","protected":false},"excerpt":{"rendered":"Le splitboard est le moyen ultime de profiter d&rsquo;aventures \u00e9piques et de descentes dans la poudreuse intacte dans le backcountry. Si vous avez toujours voulu explorer l&rsquo;arri\u00e8re-pays sur un snowboard, le splitboard est fait pour vous ! \u00cates-vous intrigu\u00e9 et d\u00e9sireux d&rsquo;essayer le splitboard pour la premi\u00e8re fois ? Nous pouvons vous enseigner les techniques&#8230;","protected":false},"author":1,"featured_media":14706,"parent":0,"menu_order":0,"comment_status":"closed","ping_status":"closed","template":"template-splitboard-guiding.php","meta":{"_acf_changed":false,"footnotes":""},"categories":[490],"class_list":["post-7832","page","type-page","status-publish","has-post-thumbnail","hentry","category-hors-piste"],"acf":[],"yoast_head":"<!-- This site is optimized with the Yoast SEO plugin v26.7 - https:\/\/yoast.com\/wordpress\/plugins\/seo\/ -->\n<title>Guidage en Splitboard - MINT Snowboarding<\/title>\n<meta name=\"description\" content=\"Guide de Splitboard avec l&#039;IFMGA Snowboard Mountain Guide \u00e0 Morzine \/ Avoriaz et dans toutes les Alpes. Cours priv\u00e9s de snowboard et de splitboard sur mesure.\" \/>\n<meta name=\"robots\" content=\"index, follow, max-snippet:-1, max-image-preview:large, max-video-preview:-1\" \/>\n<link rel=\"canonical\" href=\"https:\/\/mintsnowboarding.com\/fr\/guidage-en-splitboard\/\" \/>\n<meta property=\"og:locale\" content=\"fr_FR\" \/>\n<meta property=\"og:type\" content=\"article\" \/>\n<meta property=\"og:title\" content=\"Guidage en Splitboard - MINT Snowboarding\" \/>\n<meta property=\"og:description\" content=\"Guide de Splitboard avec l&#039;IFMGA Snowboard Mountain Guide \u00e0 Morzine \/ Avoriaz et dans toutes les Alpes. Cours priv\u00e9s de snowboard et de splitboard sur mesure.\" \/>\n<meta property=\"og:url\" content=\"https:\/\/mintsnowboarding.com\/fr\/guidage-en-splitboard\/\" \/>\n<meta property=\"og:site_name\" content=\"MINT Snowboarding\" \/>\n<meta property=\"article:publisher\" content=\"https:\/\/www.facebook.com\/mintsnowboarding\/\" \/>\n<meta property=\"article:modified_time\" content=\"2023-10-24T14:20:59+00:00\" \/>\n<meta property=\"og:image\" content=\"https:\/\/mintsnowboarding.com\/wp-content\/uploads\/2017\/08\/mint-snowboarding-damian-mcarthur-photography-16.jpg\" \/>\n\t<meta property=\"og:image:width\" content=\"1900\" \/>\n\t<meta property=\"og:image:height\" content=\"1267\" \/>\n\t<meta property=\"og:image:type\" content=\"image\/jpeg\" \/>\n<meta name=\"twitter:card\" content=\"summary_large_image\" \/>\n<meta name=\"twitter:site\" content=\"@MINTSnowboard\" \/>\n<meta name=\"twitter:label1\" content=\"Dur\u00e9e de lecture estim\u00e9e\" \/>\n\t<meta name=\"twitter:data1\" content=\"2 minutes\" \/>\n<script type=\"application\/ld+json\" class=\"yoast-schema-graph\">{\"@context\":\"https:\/\/schema.org\",\"@graph\":[{\"@type\":\"WebPage\",\"@id\":\"https:\/\/mintsnowboarding.com\/fr\/guidage-en-splitboard\/\",\"url\":\"https:\/\/mintsnowboarding.com\/fr\/guidage-en-splitboard\/\",\"name\":\"Guidage en Splitboard - MINT Snowboarding\",\"isPartOf\":{\"@id\":\"https:\/\/mintsnowboarding.com\/fr\/#website\"},\"primaryImageOfPage\":{\"@id\":\"https:\/\/mintsnowboarding.com\/fr\/guidage-en-splitboard\/#primaryimage\"},\"image\":{\"@id\":\"https:\/\/mintsnowboarding.com\/fr\/guidage-en-splitboard\/#primaryimage\"},\"thumbnailUrl\":\"https:\/\/mintsnowboarding.com\/wp-content\/uploads\/2017\/08\/mint-snowboarding-damian-mcarthur-photography-16.jpg\",\"datePublished\":\"2018-01-29T10:43:42+00:00\",\"dateModified\":\"2023-10-24T14:20:59+00:00\",\"description\":\"Guide de Splitboard avec l'IFMGA Snowboard Mountain Guide \u00e0 Morzine \/ Avoriaz et dans toutes les Alpes. Cours priv\u00e9s de snowboard et de splitboard sur mesure.\",\"breadcrumb\":{\"@id\":\"https:\/\/mintsnowboarding.com\/fr\/guidage-en-splitboard\/#breadcrumb\"},\"inLanguage\":\"fr-FR\",\"potentialAction\":[{\"@type\":\"ReadAction\",\"target\":[\"https:\/\/mintsnowboarding.com\/fr\/guidage-en-splitboard\/\"]}]},{\"@type\":\"ImageObject\",\"inLanguage\":\"fr-FR\",\"@id\":\"https:\/\/mintsnowboarding.com\/fr\/guidage-en-splitboard\/#primaryimage\",\"url\":\"https:\/\/mintsnowboarding.com\/wp-content\/uploads\/2017\/08\/mint-snowboarding-damian-mcarthur-photography-16.jpg\",\"contentUrl\":\"https:\/\/mintsnowboarding.com\/wp-content\/uploads\/2017\/08\/mint-snowboarding-damian-mcarthur-photography-16.jpg\",\"width\":1900,\"height\":1267},{\"@type\":\"BreadcrumbList\",\"@id\":\"https:\/\/mintsnowboarding.com\/fr\/guidage-en-splitboard\/#breadcrumb\",\"itemListElement\":[{\"@type\":\"ListItem\",\"position\":1,\"name\":\"Home\",\"item\":\"https:\/\/mintsnowboarding.com\/fr\/accueil\/\"},{\"@type\":\"ListItem\",\"position\":2,\"name\":\"Guidage en Splitboard\"}]},{\"@type\":\"WebSite\",\"@id\":\"https:\/\/mintsnowboarding.com\/fr\/#website\",\"url\":\"https:\/\/mintsnowboarding.com\/fr\/\",\"name\":\"MINT Snowboarding\",\"description\":\"\",\"publisher\":{\"@id\":\"https:\/\/mintsnowboarding.com\/fr\/#organization\"},\"potentialAction\":[{\"@type\":\"SearchAction\",\"target\":{\"@type\":\"EntryPoint\",\"urlTemplate\":\"https:\/\/mintsnowboarding.com\/fr\/?s={search_term_string}\"},\"query-input\":{\"@type\":\"PropertyValueSpecification\",\"valueRequired\":true,\"valueName\":\"search_term_string\"}}],\"inLanguage\":\"fr-FR\"},{\"@type\":\"Organization\",\"@id\":\"https:\/\/mintsnowboarding.com\/fr\/#organization\",\"name\":\"MINT Snowboarding\",\"url\":\"https:\/\/mintsnowboarding.com\/fr\/\",\"logo\":{\"@type\":\"ImageObject\",\"inLanguage\":\"fr-FR\",\"@id\":\"https:\/\/mintsnowboarding.com\/fr\/#\/schema\/logo\/image\/\",\"url\":\"https:\/\/mintsnowboarding.com\/wp-content\/uploads\/2017\/10\/mint-logo-text.png\",\"contentUrl\":\"https:\/\/mintsnowboarding.com\/wp-content\/uploads\/2017\/10\/mint-logo-text.png\",\"width\":486,\"height\":226,\"caption\":\"MINT Snowboarding\"},\"image\":{\"@id\":\"https:\/\/mintsnowboarding.com\/fr\/#\/schema\/logo\/image\/\"},\"sameAs\":[\"https:\/\/www.facebook.com\/mintsnowboarding\/\",\"https:\/\/x.com\/MINTSnowboard\",\"https:\/\/www.instagram.com\/mintsnowboarding\/\"]}]}<\/script>\n<!-- \/ Yoast SEO plugin. -->","yoast_head_json":{"title":"Guidage en Splitboard - MINT Snowboarding","description":"Guide de Splitboard avec l'IFMGA Snowboard Mountain Guide \u00e0 Morzine \/ Avoriaz et dans toutes les Alpes. Cours priv\u00e9s de snowboard et de splitboard sur mesure.","robots":{"index":"index","follow":"follow","max-snippet":"max-snippet:-1","max-image-preview":"max-image-preview:large","max-video-preview":"max-video-preview:-1"},"canonical":"https:\/\/mintsnowboarding.com\/fr\/guidage-en-splitboard\/","og_locale":"fr_FR","og_type":"article","og_title":"Guidage en Splitboard - MINT Snowboarding","og_description":"Guide de Splitboard avec l'IFMGA Snowboard Mountain Guide \u00e0 Morzine \/ Avoriaz et dans toutes les Alpes. Cours priv\u00e9s de snowboard et de splitboard sur mesure.","og_url":"https:\/\/mintsnowboarding.com\/fr\/guidage-en-splitboard\/","og_site_name":"MINT Snowboarding","article_publisher":"https:\/\/www.facebook.com\/mintsnowboarding\/","article_modified_time":"2023-10-24T14:20:59+00:00","og_image":[{"width":1900,"height":1267,"url":"https:\/\/mintsnowboarding.com\/wp-content\/uploads\/2017\/08\/mint-snowboarding-damian-mcarthur-photography-16.jpg","type":"image\/jpeg"}],"twitter_card":"summary_large_image","twitter_site":"@MINTSnowboard","twitter_misc":{"Dur\u00e9e de lecture estim\u00e9e":"2 minutes"},"schema":{"@context":"https:\/\/schema.org","@graph":[{"@type":"WebPage","@id":"https:\/\/mintsnowboarding.com\/fr\/guidage-en-splitboard\/","url":"https:\/\/mintsnowboarding.com\/fr\/guidage-en-splitboard\/","name":"Guidage en Splitboard - MINT Snowboarding","isPartOf":{"@id":"https:\/\/mintsnowboarding.com\/fr\/#website"},"primaryImageOfPage":{"@id":"https:\/\/mintsnowboarding.com\/fr\/guidage-en-splitboard\/#primaryimage"},"image":{"@id":"https:\/\/mintsnowboarding.com\/fr\/guidage-en-splitboard\/#primaryimage"},"thumbnailUrl":"https:\/\/mintsnowboarding.com\/wp-content\/uploads\/2017\/08\/mint-snowboarding-damian-mcarthur-photography-16.jpg","datePublished":"2018-01-29T10:43:42+00:00","dateModified":"2023-10-24T14:20:59+00:00","description":"Guide de Splitboard avec l'IFMGA Snowboard Mountain Guide \u00e0 Morzine \/ Avoriaz et dans toutes les Alpes. Cours priv\u00e9s de snowboard et de splitboard sur mesure.","breadcrumb":{"@id":"https:\/\/mintsnowboarding.com\/fr\/guidage-en-splitboard\/#breadcrumb"},"inLanguage":"fr-FR","potentialAction":[{"@type":"ReadAction","target":["https:\/\/mintsnowboarding.com\/fr\/guidage-en-splitboard\/"]}]},{"@type":"ImageObject","inLanguage":"fr-FR","@id":"https:\/\/mintsnowboarding.com\/fr\/guidage-en-splitboard\/#primaryimage","url":"https:\/\/mintsnowboarding.com\/wp-content\/uploads\/2017\/08\/mint-snowboarding-damian-mcarthur-photography-16.jpg","contentUrl":"https:\/\/mintsnowboarding.com\/wp-content\/uploads\/2017\/08\/mint-snowboarding-damian-mcarthur-photography-16.jpg","width":1900,"height":1267},{"@type":"BreadcrumbList","@id":"https:\/\/mintsnowboarding.com\/fr\/guidage-en-splitboard\/#breadcrumb","itemListElement":[{"@type":"ListItem","position":1,"name":"Home","item":"https:\/\/mintsnowboarding.com\/fr\/accueil\/"},{"@type":"ListItem","position":2,"name":"Guidage en Splitboard"}]},{"@type":"WebSite","@id":"https:\/\/mintsnowboarding.com\/fr\/#website","url":"https:\/\/mintsnowboarding.com\/fr\/","name":"MINT Snowboarding","description":"","publisher":{"@id":"https:\/\/mintsnowboarding.com\/fr\/#organization"},"potentialAction":[{"@type":"SearchAction","target":{"@type":"EntryPoint","urlTemplate":"https:\/\/mintsnowboarding.com\/fr\/?s={search_term_string}"},"query-input":{"@type":"PropertyValueSpecification","valueRequired":true,"valueName":"search_term_string"}}],"inLanguage":"fr-FR"},{"@type":"Organization","@id":"https:\/\/mintsnowboarding.com\/fr\/#organization","name":"MINT Snowboarding","url":"https:\/\/mintsnowboarding.com\/fr\/","logo":{"@type":"ImageObject","inLanguage":"fr-FR","@id":"https:\/\/mintsnowboarding.com\/fr\/#\/schema\/logo\/image\/","url":"https:\/\/mintsnowboarding.com\/wp-content\/uploads\/2017\/10\/mint-logo-text.png","contentUrl":"https:\/\/mintsnowboarding.com\/wp-content\/uploads\/2017\/10\/mint-logo-text.png","width":486,"height":226,"caption":"MINT Snowboarding"},"image":{"@id":"https:\/\/mintsnowboarding.com\/fr\/#\/schema\/logo\/image\/"},"sameAs":["https:\/\/www.facebook.com\/mintsnowboarding\/","https:\/\/x.com\/MINTSnowboard","https:\/\/www.instagram.com\/mintsnowboarding\/"]}]}},"_links":{"self":[{"href":"https:\/\/mintsnowboarding.com\/fr\/wp-json\/wp\/v2\/pages\/7832","targetHints":{"allow":["GET"]}}],"collection":[{"href":"https:\/\/mintsnowboarding.com\/fr\/wp-json\/wp\/v2\/pages"}],"about":[{"href":"https:\/\/mintsnowboarding.com\/fr\/wp-json\/wp\/v2\/types\/page"}],"author":[{"embeddable":true,"href":"https:\/\/mintsnowboarding.com\/fr\/wp-json\/wp\/v2\/users\/1"}],"replies":[{"embeddable":true,"href":"https:\/\/mintsnowboarding.com\/fr\/wp-json\/wp\/v2\/comments?post=7832"}],"version-history":[{"count":0,"href":"https:\/\/mintsnowboarding.com\/fr\/wp-json\/wp\/v2\/pages\/7832\/revisions"}],"wp:featuredmedia":[{"embeddable":true,"href":"https:\/\/mintsnowboarding.com\/fr\/wp-json\/wp\/v2\/media\/14706"}],"wp:attachment":[{"href":"https:\/\/mintsnowboarding.com\/fr\/wp-json\/wp\/v2\/media?parent=7832"}],"wp:term":[{"taxonomy":"category","embeddable":true,"href":"https:\/\/mintsnowboarding.com\/fr\/wp-json\/wp\/v2\/categories?post=7832"}],"curies":[{"name":"wp","href":"https:\/\/api.w.org\/{rel}","templated":true}]}}