{"id":7824,"date":"2022-08-19T11:05:49","date_gmt":"2022-08-19T10:05:49","guid":{"rendered":"https:\/\/mintsnowboarding.com\/cours-de-snowboard\/"},"modified":"2025-11-14T14:38:23","modified_gmt":"2025-11-14T14:38:23","slug":"stages-de-snowboard","status":"publish","type":"page","link":"https:\/\/mintsnowboarding.com\/fr\/stages-de-snowboard\/","title":{"rendered":"Stage de snowboard"},"content":{"rendered":"<p data-start=\"179\" data-end=\"531\">Nos cours de snowboard pour adultes sont con\u00e7us pour les riders interm\u00e9diaires et avanc\u00e9s qui veulent continuer \u00e0 progresser et d\u00e9velopper leur snowboard \u00e0 un niveau plus \u00e9lev\u00e9. Chaque cours offre un encadrement professionnel cibl\u00e9 en petits groupes, vous donnant le temps, l&rsquo;attention et les conseils n\u00e9cessaires pour affiner la technique, renforcer la confiance et pousser votre snowboard dans de nouvelles directions. <\/p>\n<p data-start=\"533\" data-end=\"772\">Que vous cherchiez \u00e0 affiner vos bases en montagne, \u00e0 d\u00e9velopper vos comp\u00e9tences en freestyle ou \u00e0 faire vos premiers pas en hors-piste, nos cours, con\u00e7us par des experts, vous aideront \u00e0 rouler avec plus de contr\u00f4le, de cr\u00e9ativit\u00e9 et de plaisir dans toute la montagne.<\/p>\n","protected":false},"excerpt":{"rendered":"Nos cours de snowboard pour adultes sont con\u00e7us pour les riders interm\u00e9diaires et avanc\u00e9s qui veulent continuer \u00e0 progresser et d\u00e9velopper leur snowboard \u00e0 un niveau plus \u00e9lev\u00e9. Chaque cours offre un encadrement professionnel cibl\u00e9 en petits groupes, vous donnant le temps, l&rsquo;attention et les conseils n\u00e9cessaires pour affiner la technique, renforcer la confiance et&#8230;","protected":false},"author":1,"featured_media":5294,"parent":0,"menu_order":0,"comment_status":"closed","ping_status":"closed","template":"template-camp-overview.php","meta":{"_acf_changed":false,"footnotes":""},"categories":[453],"class_list":["post-7824","page","type-page","status-publish","has-post-thumbnail","hentry","category-stages"],"acf":[],"yoast_head":"<!-- This site is optimized with the Yoast SEO plugin v26.7 - https:\/\/yoast.com\/wordpress\/plugins\/seo\/ -->\n<title>Stage de snowboard - MINT Snowboarding<\/title>\n<meta name=\"robots\" content=\"index, follow, max-snippet:-1, max-image-preview:large, max-video-preview:-1\" \/>\n<link rel=\"canonical\" href=\"https:\/\/mintsnowboarding.com\/fr\/stages-de-snowboard\/\" \/>\n<meta property=\"og:locale\" content=\"fr_FR\" \/>\n<meta property=\"og:type\" content=\"article\" \/>\n<meta property=\"og:title\" content=\"Stage de snowboard - MINT Snowboarding\" \/>\n<meta property=\"og:description\" content=\"Nos cours de snowboard pour adultes sont con\u00e7us pour les riders interm\u00e9diaires et avanc\u00e9s qui veulent continuer \u00e0 progresser et d\u00e9velopper leur snowboard \u00e0 un niveau plus \u00e9lev\u00e9. Chaque cours offre un encadrement professionnel cibl\u00e9 en petits groupes, vous donnant le temps, l&rsquo;attention et les conseils n\u00e9cessaires pour affiner la technique, renforcer la confiance et...\" \/>\n<meta property=\"og:url\" content=\"https:\/\/mintsnowboarding.com\/fr\/stages-de-snowboard\/\" \/>\n<meta property=\"og:site_name\" content=\"MINT Snowboarding\" \/>\n<meta property=\"article:publisher\" content=\"https:\/\/www.facebook.com\/mintsnowboarding\/\" \/>\n<meta property=\"article:modified_time\" content=\"2025-11-14T14:38:23+00:00\" \/>\n<meta property=\"og:image\" content=\"https:\/\/mintsnowboarding.com\/wp-content\/uploads\/2022\/10\/snowboard-group-scaled.jpg\" \/>\n\t<meta property=\"og:image:width\" content=\"2048\" \/>\n\t<meta property=\"og:image:height\" content=\"1365\" \/>\n\t<meta property=\"og:image:type\" content=\"image\/jpeg\" \/>\n<meta name=\"twitter:card\" content=\"summary_large_image\" \/>\n<meta name=\"twitter:site\" content=\"@MINTSnowboard\" \/>\n<script type=\"application\/ld+json\" class=\"yoast-schema-graph\">{\"@context\":\"https:\/\/schema.org\",\"@graph\":[{\"@type\":\"WebPage\",\"@id\":\"https:\/\/mintsnowboarding.com\/fr\/stages-de-snowboard\/\",\"url\":\"https:\/\/mintsnowboarding.com\/fr\/stages-de-snowboard\/\",\"name\":\"Stage de snowboard - MINT Snowboarding\",\"isPartOf\":{\"@id\":\"https:\/\/mintsnowboarding.com\/fr\/#website\"},\"primaryImageOfPage\":{\"@id\":\"https:\/\/mintsnowboarding.com\/fr\/stages-de-snowboard\/#primaryimage\"},\"image\":{\"@id\":\"https:\/\/mintsnowboarding.com\/fr\/stages-de-snowboard\/#primaryimage\"},\"thumbnailUrl\":\"https:\/\/mintsnowboarding.com\/wp-content\/uploads\/2022\/10\/snowboard-group-scaled.jpg\",\"datePublished\":\"2022-08-19T10:05:49+00:00\",\"dateModified\":\"2025-11-14T14:38:23+00:00\",\"breadcrumb\":{\"@id\":\"https:\/\/mintsnowboarding.com\/fr\/stages-de-snowboard\/#breadcrumb\"},\"inLanguage\":\"fr-FR\",\"potentialAction\":[{\"@type\":\"ReadAction\",\"target\":[\"https:\/\/mintsnowboarding.com\/fr\/stages-de-snowboard\/\"]}]},{\"@type\":\"ImageObject\",\"inLanguage\":\"fr-FR\",\"@id\":\"https:\/\/mintsnowboarding.com\/fr\/stages-de-snowboard\/#primaryimage\",\"url\":\"https:\/\/mintsnowboarding.com\/wp-content\/uploads\/2022\/10\/snowboard-group-scaled.jpg\",\"contentUrl\":\"https:\/\/mintsnowboarding.com\/wp-content\/uploads\/2022\/10\/snowboard-group-scaled.jpg\",\"width\":2048,\"height\":1365,\"caption\":\"gerard and snowboard group\"},{\"@type\":\"BreadcrumbList\",\"@id\":\"https:\/\/mintsnowboarding.com\/fr\/stages-de-snowboard\/#breadcrumb\",\"itemListElement\":[{\"@type\":\"ListItem\",\"position\":1,\"name\":\"Home\",\"item\":\"https:\/\/mintsnowboarding.com\/fr\/accueil\/\"},{\"@type\":\"ListItem\",\"position\":2,\"name\":\"Stage de snowboard\"}]},{\"@type\":\"WebSite\",\"@id\":\"https:\/\/mintsnowboarding.com\/fr\/#website\",\"url\":\"https:\/\/mintsnowboarding.com\/fr\/\",\"name\":\"MINT Snowboarding\",\"description\":\"\",\"publisher\":{\"@id\":\"https:\/\/mintsnowboarding.com\/fr\/#organization\"},\"potentialAction\":[{\"@type\":\"SearchAction\",\"target\":{\"@type\":\"EntryPoint\",\"urlTemplate\":\"https:\/\/mintsnowboarding.com\/fr\/?s={search_term_string}\"},\"query-input\":{\"@type\":\"PropertyValueSpecification\",\"valueRequired\":true,\"valueName\":\"search_term_string\"}}],\"inLanguage\":\"fr-FR\"},{\"@type\":\"Organization\",\"@id\":\"https:\/\/mintsnowboarding.com\/fr\/#organization\",\"name\":\"MINT Snowboarding\",\"url\":\"https:\/\/mintsnowboarding.com\/fr\/\",\"logo\":{\"@type\":\"ImageObject\",\"inLanguage\":\"fr-FR\",\"@id\":\"https:\/\/mintsnowboarding.com\/fr\/#\/schema\/logo\/image\/\",\"url\":\"https:\/\/mintsnowboarding.com\/wp-content\/uploads\/2017\/10\/mint-logo-text.png\",\"contentUrl\":\"https:\/\/mintsnowboarding.com\/wp-content\/uploads\/2017\/10\/mint-logo-text.png\",\"width\":486,\"height\":226,\"caption\":\"MINT Snowboarding\"},\"image\":{\"@id\":\"https:\/\/mintsnowboarding.com\/fr\/#\/schema\/logo\/image\/\"},\"sameAs\":[\"https:\/\/www.facebook.com\/mintsnowboarding\/\",\"https:\/\/x.com\/MINTSnowboard\",\"https:\/\/www.instagram.com\/mintsnowboarding\/\"]}]}<\/script>\n<!-- \/ Yoast SEO plugin. -->","yoast_head_json":{"title":"Stage de snowboard - MINT Snowboarding","robots":{"index":"index","follow":"follow","max-snippet":"max-snippet:-1","max-image-preview":"max-image-preview:large","max-video-preview":"max-video-preview:-1"},"canonical":"https:\/\/mintsnowboarding.com\/fr\/stages-de-snowboard\/","og_locale":"fr_FR","og_type":"article","og_title":"Stage de snowboard - MINT Snowboarding","og_description":"Nos cours de snowboard pour adultes sont con\u00e7us pour les riders interm\u00e9diaires et avanc\u00e9s qui veulent continuer \u00e0 progresser et d\u00e9velopper leur snowboard \u00e0 un niveau plus \u00e9lev\u00e9. Chaque cours offre un encadrement professionnel cibl\u00e9 en petits groupes, vous donnant le temps, l&rsquo;attention et les conseils n\u00e9cessaires pour affiner la technique, renforcer la confiance et...","og_url":"https:\/\/mintsnowboarding.com\/fr\/stages-de-snowboard\/","og_site_name":"MINT Snowboarding","article_publisher":"https:\/\/www.facebook.com\/mintsnowboarding\/","article_modified_time":"2025-11-14T14:38:23+00:00","og_image":[{"width":2048,"height":1365,"url":"https:\/\/mintsnowboarding.com\/wp-content\/uploads\/2022\/10\/snowboard-group-scaled.jpg","type":"image\/jpeg"}],"twitter_card":"summary_large_image","twitter_site":"@MINTSnowboard","schema":{"@context":"https:\/\/schema.org","@graph":[{"@type":"WebPage","@id":"https:\/\/mintsnowboarding.com\/fr\/stages-de-snowboard\/","url":"https:\/\/mintsnowboarding.com\/fr\/stages-de-snowboard\/","name":"Stage de snowboard - MINT Snowboarding","isPartOf":{"@id":"https:\/\/mintsnowboarding.com\/fr\/#website"},"primaryImageOfPage":{"@id":"https:\/\/mintsnowboarding.com\/fr\/stages-de-snowboard\/#primaryimage"},"image":{"@id":"https:\/\/mintsnowboarding.com\/fr\/stages-de-snowboard\/#primaryimage"},"thumbnailUrl":"https:\/\/mintsnowboarding.com\/wp-content\/uploads\/2022\/10\/snowboard-group-scaled.jpg","datePublished":"2022-08-19T10:05:49+00:00","dateModified":"2025-11-14T14:38:23+00:00","breadcrumb":{"@id":"https:\/\/mintsnowboarding.com\/fr\/stages-de-snowboard\/#breadcrumb"},"inLanguage":"fr-FR","potentialAction":[{"@type":"ReadAction","target":["https:\/\/mintsnowboarding.com\/fr\/stages-de-snowboard\/"]}]},{"@type":"ImageObject","inLanguage":"fr-FR","@id":"https:\/\/mintsnowboarding.com\/fr\/stages-de-snowboard\/#primaryimage","url":"https:\/\/mintsnowboarding.com\/wp-content\/uploads\/2022\/10\/snowboard-group-scaled.jpg","contentUrl":"https:\/\/mintsnowboarding.com\/wp-content\/uploads\/2022\/10\/snowboard-group-scaled.jpg","width":2048,"height":1365,"caption":"gerard and snowboard group"},{"@type":"BreadcrumbList","@id":"https:\/\/mintsnowboarding.com\/fr\/stages-de-snowboard\/#breadcrumb","itemListElement":[{"@type":"ListItem","position":1,"name":"Home","item":"https:\/\/mintsnowboarding.com\/fr\/accueil\/"},{"@type":"ListItem","position":2,"name":"Stage de snowboard"}]},{"@type":"WebSite","@id":"https:\/\/mintsnowboarding.com\/fr\/#website","url":"https:\/\/mintsnowboarding.com\/fr\/","name":"MINT Snowboarding","description":"","publisher":{"@id":"https:\/\/mintsnowboarding.com\/fr\/#organization"},"potentialAction":[{"@type":"SearchAction","target":{"@type":"EntryPoint","urlTemplate":"https:\/\/mintsnowboarding.com\/fr\/?s={search_term_string}"},"query-input":{"@type":"PropertyValueSpecification","valueRequired":true,"valueName":"search_term_string"}}],"inLanguage":"fr-FR"},{"@type":"Organization","@id":"https:\/\/mintsnowboarding.com\/fr\/#organization","name":"MINT Snowboarding","url":"https:\/\/mintsnowboarding.com\/fr\/","logo":{"@type":"ImageObject","inLanguage":"fr-FR","@id":"https:\/\/mintsnowboarding.com\/fr\/#\/schema\/logo\/image\/","url":"https:\/\/mintsnowboarding.com\/wp-content\/uploads\/2017\/10\/mint-logo-text.png","contentUrl":"https:\/\/mintsnowboarding.com\/wp-content\/uploads\/2017\/10\/mint-logo-text.png","width":486,"height":226,"caption":"MINT Snowboarding"},"image":{"@id":"https:\/\/mintsnowboarding.com\/fr\/#\/schema\/logo\/image\/"},"sameAs":["https:\/\/www.facebook.com\/mintsnowboarding\/","https:\/\/x.com\/MINTSnowboard","https:\/\/www.instagram.com\/mintsnowboarding\/"]}]}},"_links":{"self":[{"href":"https:\/\/mintsnowboarding.com\/fr\/wp-json\/wp\/v2\/pages\/7824","targetHints":{"allow":["GET"]}}],"collection":[{"href":"https:\/\/mintsnowboarding.com\/fr\/wp-json\/wp\/v2\/pages"}],"about":[{"href":"https:\/\/mintsnowboarding.com\/fr\/wp-json\/wp\/v2\/types\/page"}],"author":[{"embeddable":true,"href":"https:\/\/mintsnowboarding.com\/fr\/wp-json\/wp\/v2\/users\/1"}],"replies":[{"embeddable":true,"href":"https:\/\/mintsnowboarding.com\/fr\/wp-json\/wp\/v2\/comments?post=7824"}],"version-history":[{"count":1,"href":"https:\/\/mintsnowboarding.com\/fr\/wp-json\/wp\/v2\/pages\/7824\/revisions"}],"predecessor-version":[{"id":21544,"href":"https:\/\/mintsnowboarding.com\/fr\/wp-json\/wp\/v2\/pages\/7824\/revisions\/21544"}],"wp:featuredmedia":[{"embeddable":true,"href":"https:\/\/mintsnowboarding.com\/fr\/wp-json\/wp\/v2\/media\/5294"}],"wp:attachment":[{"href":"https:\/\/mintsnowboarding.com\/fr\/wp-json\/wp\/v2\/media?parent=7824"}],"wp:term":[{"taxonomy":"category","embeddable":true,"href":"https:\/\/mintsnowboarding.com\/fr\/wp-json\/wp\/v2\/categories?post=7824"}],"curies":[{"name":"wp","href":"https:\/\/api.w.org\/{rel}","templated":true}]}}