{"id":7814,"date":"2017-07-26T08:36:50","date_gmt":"2017-07-26T07:36:50","guid":{"rendered":"https:\/\/mintsnowboarding.com\/emplois-a-lecole-de-snowboard-mint\/"},"modified":"2025-10-08T14:17:21","modified_gmt":"2025-10-08T13:17:21","slug":"emplois-a-lecole-de-snowboard-mint","status":"publish","type":"page","link":"https:\/\/mintsnowboarding.com\/fr\/emplois-a-lecole-de-snowboard-mint\/","title":{"rendered":"Offres d&#8217;emploi de moniteur de snowboard \u00e0 Morzine \/ Avoriaz, France"},"content":{"rendered":"<p>Nous cherchons \u00e0 recruter des moniteurs de snowboard fiables, professionnels et enthousiastes pour rejoindre l&rsquo;\u00e9quipe MINT. Les moniteurs doivent \u00eatre sp\u00e9cialis\u00e9s dans le snowboard et n&rsquo;enseigner que le snowboard (pas de ski !). Notre travail est vari\u00e9, nous encadrons une gamme de capacit\u00e9s et de produits tels que des le\u00e7ons priv\u00e9es, des le\u00e7ons de groupe et des camps de snowboard. L&rsquo;enseignement est dispens\u00e9 dans les stations d&rsquo;Avoriaz, Morzine et Les Gets, dans les Portes du Soleil, en France.  <\/p>\n<p>Un dipl\u00f4me europ\u00e9en de haut niveau est n\u00e9cessaire pour vous permettre d&rsquo;enseigner en France. Si vous n&rsquo;\u00eates pas s\u00fbr que votre qualification en snowboard soit \u00e9ligible, faites-le nous savoir et nous vous conseillerons. Nous pouvons vous aider \u00e0 remplir les formalit\u00e9s administratives fran\u00e7aises n\u00e9cessaires pour vous permettre d&rsquo;enseigner ici.<\/p>\n<p><em>Les instructeurs poss\u00e9dant les qualifications BASI, NZSIA, AADIDESS, CSIA, CASI ou AASI <strong>ne doivent pas s&rsquo;inscrire<\/strong> car ces qualifications ne sont pas reconnues en France.  <\/em><\/p>\n<p><a href=\"mailto:tammy@mintsnowboarding.com\">Veuillez envoyer un courriel \u00e0 Tammy pour plus d&rsquo;informations&#8230;<\/a><\/p>\n<p>&nbsp;<\/p>\n<p>Les candidats <strong>doivent<\/strong><\/p>\n<ul class=\"mint-list\">\n<li style=\"list-style-type: none;\">\n<ul class=\"mint-list\">\n<li>Parler couramment l&rsquo;anglais. Le fran\u00e7ais est un avantage mais n&rsquo;est pas n\u00e9cessaire<\/li>\n<li>Non seulement vous aimez le snowboard, mais vous avez aussi une passion pour l&rsquo;enseigner.<\/li>\n<li>Travailler de mani\u00e8re professionnelle \u00e0 tout moment avec une \u00e9thique de travail positive<\/li>\n<li>Avoir l&rsquo;esprit d&rsquo;\u00e9quipe<\/li>\n<li>Volont\u00e9 d&rsquo;adapter le style d&rsquo;enseignement pour assurer la coh\u00e9rence au sein de l&rsquo;\u00e9quipe.<\/li>\n<li>Excellentes aptitudes \u00e0 la communication &#8211; vous aimez rencontrer des gens, parler aux gens, apprendre des gens, enseigner aux gens !<\/li>\n<\/ul>\n<p>&nbsp;<\/p>\n<p>&nbsp;<\/li>\n<\/ul>\n<div class='gallery  rand-383' data-gallery='383'><div class='gallery-item gallery-no-crop'><a href='https:\/\/mintsnowboarding.com\/wp-content\/uploads\/2025\/10\/teaching-in-france-1024x683.jpg' class='featherlight-gallery'><img data-copyright='' src='https:\/\/mintsnowboarding.com\/wp-content\/uploads\/2025\/10\/teaching-in-france-300x200.jpg'  alt=''><\/a><\/div><div class='gallery-item gallery-no-crop'><a href='https:\/\/mintsnowboarding.com\/wp-content\/uploads\/2025\/10\/snowboard-instructor-in-france-1024x683.jpg' class='featherlight-gallery'><img data-copyright='' src='https:\/\/mintsnowboarding.com\/wp-content\/uploads\/2025\/10\/snowboard-instructor-in-france-300x200.jpg'  alt=''><\/a><\/div><div class='gallery-item gallery-no-crop'><a href='https:\/\/mintsnowboarding.com\/wp-content\/uploads\/2017\/08\/stylish-method-1024x680.jpg' class='featherlight-gallery'><img data-copyright='' src='https:\/\/mintsnowboarding.com\/wp-content\/uploads\/2017\/08\/stylish-method-300x199.jpg'  alt=''><\/a><\/div><div class='gallery-item gallery-no-crop'><a href='https:\/\/mintsnowboarding.com\/wp-content\/uploads\/2017\/07\/private-coaching-1024x683.jpg' class='featherlight-gallery'><img data-copyright='' src='https:\/\/mintsnowboarding.com\/wp-content\/uploads\/2017\/07\/private-coaching-300x200.jpg'  alt='Private Coaching in snowpark'><\/a><\/div><div class='gallery-item gallery-no-crop'><a href='https:\/\/mintsnowboarding.com\/wp-content\/uploads\/2020\/09\/snowboard-lessons-avoriaz-683x1024.jpg' class='featherlight-gallery'><img data-copyright='' src='https:\/\/mintsnowboarding.com\/wp-content\/uploads\/2020\/09\/snowboard-lessons-avoriaz-300x450.jpg'  alt='Snowboard Lessons Avoriaz'><\/a><\/div><div class='gallery-item gallery-no-crop'><a href='https:\/\/mintsnowboarding.com\/wp-content\/uploads\/2025\/10\/female-snowboard-instructor-1024x683.jpg' class='featherlight-gallery'><img data-copyright='' src='https:\/\/mintsnowboarding.com\/wp-content\/uploads\/2025\/10\/female-snowboard-instructor-300x200.jpg'  alt='Female Snowboard Instructor'><\/a><\/div><div class='hide gallery-item gallery-no-crop'><a href='https:\/\/mintsnowboarding.com\/wp-content\/uploads\/2024\/07\/snowboard-instructors-in-avoriaz-768x1024.jpeg' class='featherlight-gallery'><img data-copyright='' src='https:\/\/mintsnowboarding.com\/wp-content\/uploads\/2024\/07\/snowboard-instructors-in-avoriaz-300x400.jpeg'  alt='Snowboard Instructors In Avoriaz'><\/a><\/div><div class='hide gallery-item gallery-no-crop'><a href='https:\/\/mintsnowboarding.com\/wp-content\/uploads\/2017\/07\/snowboarding-norweigan-fjords-1024x683.jpeg' class='featherlight-gallery'><img data-copyright='' src='https:\/\/mintsnowboarding.com\/wp-content\/uploads\/2017\/07\/snowboarding-norweigan-fjords-300x200.jpeg'  alt='Snowboarding Norweigan Fjords'><\/a><\/div><div class='hide gallery-item gallery-no-crop'><a href='https:\/\/mintsnowboarding.com\/wp-content\/uploads\/2023\/01\/DSC09163-1-683x1024.jpg' class='featherlight-gallery'><img data-copyright='' src='https:\/\/mintsnowboarding.com\/wp-content\/uploads\/2023\/01\/DSC09163-1-300x450.jpg'  alt=''><\/a><\/div><div class='hide gallery-item gallery-no-crop'><a href='https:\/\/mintsnowboarding.com\/wp-content\/uploads\/2020\/03\/guilia-avoriaz-bank-slalom.jpg' class='featherlight-gallery'><img data-copyright='' src='https:\/\/mintsnowboarding.com\/wp-content\/uploads\/2020\/03\/guilia-avoriaz-bank-slalom-300x200.jpg'  alt='Guilia Avoriaz Bank Slalom'><\/a><\/div><div class='hide gallery-item gallery-no-crop'><a href='https:\/\/mintsnowboarding.com\/wp-content\/uploads\/2022\/10\/lesson-meeting-point.jpg' class='featherlight-gallery'><img data-copyright='' src='https:\/\/mintsnowboarding.com\/wp-content\/uploads\/2022\/10\/lesson-meeting-point-300x300.jpg'  alt=''><\/a><\/div><div class='hide gallery-item gallery-no-crop'><a href='https:\/\/mintsnowboarding.com\/wp-content\/uploads\/2017\/08\/tammy-jumping-in-chamonix-1024x683.jpg' class='featherlight-gallery'><img data-copyright='' src='https:\/\/mintsnowboarding.com\/wp-content\/uploads\/2017\/08\/tammy-jumping-in-chamonix-300x200.jpg'  alt=''><\/a><\/div><\/div><div class='button gallery-button rand-383'>Show More...<\/div>\n\n    <script>\n\n\n\n\n          function flatcap_gallery_383() {\n  \n\n            var grid = $('.gallery.rand-383').imagesLoaded( function() {\n\n            var imageWidth = 100;\n\n            if ($(window).width() >= 1024) { \n              imageWidth = 300;\n            } \n\n\n              grid.masonry({\n                  columnWidth: imageWidth,\n                    gutter: 15,\n                    fitWidth: true,\n                    horizontalOrder: true\n               });\n            });\n\n\n\n            $('.gallery.rand-383 a.featherlight-gallery').featherlightGallery({\n              gallery: {\n                  previous: '\u00ab',\n                  next: '\u00bb',\n                  fadeIn: 300\n              },\n              openSpeed: 300\n            });\n\n          }\n\n       $(window).on('load resize', function(){\n        \n        setTimeout(\n          function() \n          {\n            flatcap_gallery_383();\n          }, 500); \/\/ 0.5secs        \n\n       });\n\n      $(document).ready(function() {\n          \n        flatcap_gallery_383();\n\n        $( '.gallery-button.rand-383' ).on( 'click', function() {\n          \n          $(this).hide();\n          $('.gallery.rand-383 div').removeClass('hide');\n          flatcap_gallery_383();\n\n        });\n\n\n\n\n        $( '.tabs-gallery' ).on( 'click', function() {\n\n            flatcap_gallery_383();\n\n        });\n\n\n\n\n\n      });\n\n    <\/script>\n\n  \n","protected":false},"excerpt":{"rendered":"Nous cherchons \u00e0 recruter des moniteurs de snowboard fiables, professionnels et enthousiastes pour rejoindre l&rsquo;\u00e9quipe MINT. Les moniteurs doivent \u00eatre sp\u00e9cialis\u00e9s dans le snowboard et n&rsquo;enseigner que le snowboard (pas de ski !). Notre travail est vari\u00e9, nous encadrons une gamme de capacit\u00e9s et de produits tels que des le\u00e7ons priv\u00e9es, des le\u00e7ons de groupe&#8230;","protected":false},"author":1,"featured_media":21453,"parent":0,"menu_order":0,"comment_status":"closed","ping_status":"closed","template":"","meta":{"_acf_changed":false,"footnotes":""},"categories":[],"class_list":["post-7814","page","type-page","status-publish","has-post-thumbnail","hentry"],"acf":[],"yoast_head":"<!-- This site is optimized with the Yoast SEO plugin v26.7 - https:\/\/yoast.com\/wordpress\/plugins\/seo\/ -->\n<title>Offres d&#039;emploi de moniteur de snowboard \u00e0 Morzine \/ Avoriaz, France .<\/title>\n<meta name=\"description\" content=\"MINT Snowboarding recherche activement des moniteurs sp\u00e9cialis\u00e9s dans le snowboard pour rejoindre notre \u00e9quipe d&#039;\u00e9lite \u00e0 Morzine, Avoriaz et Les Gets.\" \/>\n<meta name=\"robots\" content=\"index, follow, max-snippet:-1, max-image-preview:large, max-video-preview:-1\" \/>\n<link rel=\"canonical\" href=\"https:\/\/mintsnowboarding.com\/fr\/emplois-a-lecole-de-snowboard-mint\/\" \/>\n<meta property=\"og:locale\" content=\"fr_FR\" \/>\n<meta property=\"og:type\" content=\"article\" \/>\n<meta property=\"og:title\" content=\"Offres d&#039;emploi de moniteur de snowboard \u00e0 Morzine \/ Avoriaz, France .\" \/>\n<meta property=\"og:description\" content=\"MINT Snowboarding recherche activement des moniteurs sp\u00e9cialis\u00e9s dans le snowboard pour rejoindre notre \u00e9quipe d&#039;\u00e9lite \u00e0 Morzine, Avoriaz et Les Gets.\" \/>\n<meta property=\"og:url\" content=\"https:\/\/mintsnowboarding.com\/fr\/emplois-a-lecole-de-snowboard-mint\/\" \/>\n<meta property=\"og:site_name\" content=\"MINT Snowboarding\" \/>\n<meta property=\"article:publisher\" content=\"https:\/\/www.facebook.com\/mintsnowboarding\/\" \/>\n<meta property=\"article:modified_time\" content=\"2025-10-08T13:17:21+00:00\" \/>\n<meta property=\"og:image\" content=\"https:\/\/mintsnowboarding.com\/wp-content\/uploads\/2018\/05\/mint-snowboarding-team.jpg\" \/>\n\t<meta property=\"og:image:width\" content=\"1900\" \/>\n\t<meta property=\"og:image:height\" content=\"1267\" \/>\n\t<meta property=\"og:image:type\" content=\"image\/jpeg\" \/>\n<meta name=\"twitter:card\" content=\"summary_large_image\" \/>\n<meta name=\"twitter:site\" content=\"@MINTSnowboard\" \/>\n<meta name=\"twitter:label1\" content=\"Dur\u00e9e de lecture estim\u00e9e\" \/>\n\t<meta name=\"twitter:data1\" content=\"1 minute\" \/>\n<script type=\"application\/ld+json\" class=\"yoast-schema-graph\">{\"@context\":\"https:\/\/schema.org\",\"@graph\":[{\"@type\":\"WebPage\",\"@id\":\"https:\/\/mintsnowboarding.com\/fr\/emplois-a-lecole-de-snowboard-mint\/\",\"url\":\"https:\/\/mintsnowboarding.com\/fr\/emplois-a-lecole-de-snowboard-mint\/\",\"name\":\"Offres d'emploi de moniteur de snowboard \u00e0 Morzine \/ Avoriaz, France .\",\"isPartOf\":{\"@id\":\"https:\/\/mintsnowboarding.com\/fr\/#website\"},\"primaryImageOfPage\":{\"@id\":\"https:\/\/mintsnowboarding.com\/fr\/emplois-a-lecole-de-snowboard-mint\/#primaryimage\"},\"image\":{\"@id\":\"https:\/\/mintsnowboarding.com\/fr\/emplois-a-lecole-de-snowboard-mint\/#primaryimage\"},\"thumbnailUrl\":\"https:\/\/mintsnowboarding.com\/wp-content\/uploads\/2018\/05\/mint-snowboarding-team.jpg\",\"datePublished\":\"2017-07-26T07:36:50+00:00\",\"dateModified\":\"2025-10-08T13:17:21+00:00\",\"description\":\"MINT Snowboarding recherche activement des moniteurs sp\u00e9cialis\u00e9s dans le snowboard pour rejoindre notre \u00e9quipe d'\u00e9lite \u00e0 Morzine, Avoriaz et Les Gets.\",\"breadcrumb\":{\"@id\":\"https:\/\/mintsnowboarding.com\/fr\/emplois-a-lecole-de-snowboard-mint\/#breadcrumb\"},\"inLanguage\":\"fr-FR\",\"potentialAction\":[{\"@type\":\"ReadAction\",\"target\":[\"https:\/\/mintsnowboarding.com\/fr\/emplois-a-lecole-de-snowboard-mint\/\"]}]},{\"@type\":\"ImageObject\",\"inLanguage\":\"fr-FR\",\"@id\":\"https:\/\/mintsnowboarding.com\/fr\/emplois-a-lecole-de-snowboard-mint\/#primaryimage\",\"url\":\"https:\/\/mintsnowboarding.com\/wp-content\/uploads\/2018\/05\/mint-snowboarding-team.jpg\",\"contentUrl\":\"https:\/\/mintsnowboarding.com\/wp-content\/uploads\/2018\/05\/mint-snowboarding-team.jpg\",\"width\":1900,\"height\":1267},{\"@type\":\"BreadcrumbList\",\"@id\":\"https:\/\/mintsnowboarding.com\/fr\/emplois-a-lecole-de-snowboard-mint\/#breadcrumb\",\"itemListElement\":[{\"@type\":\"ListItem\",\"position\":1,\"name\":\"Home\",\"item\":\"https:\/\/mintsnowboarding.com\/fr\/accueil\/\"},{\"@type\":\"ListItem\",\"position\":2,\"name\":\"Offres d&#8217;emploi de moniteur de snowboard \u00e0 Morzine \/ Avoriaz, France\"}]},{\"@type\":\"WebSite\",\"@id\":\"https:\/\/mintsnowboarding.com\/fr\/#website\",\"url\":\"https:\/\/mintsnowboarding.com\/fr\/\",\"name\":\"MINT Snowboarding\",\"description\":\"\",\"publisher\":{\"@id\":\"https:\/\/mintsnowboarding.com\/fr\/#organization\"},\"potentialAction\":[{\"@type\":\"SearchAction\",\"target\":{\"@type\":\"EntryPoint\",\"urlTemplate\":\"https:\/\/mintsnowboarding.com\/fr\/?s={search_term_string}\"},\"query-input\":{\"@type\":\"PropertyValueSpecification\",\"valueRequired\":true,\"valueName\":\"search_term_string\"}}],\"inLanguage\":\"fr-FR\"},{\"@type\":\"Organization\",\"@id\":\"https:\/\/mintsnowboarding.com\/fr\/#organization\",\"name\":\"MINT Snowboarding\",\"url\":\"https:\/\/mintsnowboarding.com\/fr\/\",\"logo\":{\"@type\":\"ImageObject\",\"inLanguage\":\"fr-FR\",\"@id\":\"https:\/\/mintsnowboarding.com\/fr\/#\/schema\/logo\/image\/\",\"url\":\"https:\/\/mintsnowboarding.com\/wp-content\/uploads\/2017\/10\/mint-logo-text.png\",\"contentUrl\":\"https:\/\/mintsnowboarding.com\/wp-content\/uploads\/2017\/10\/mint-logo-text.png\",\"width\":486,\"height\":226,\"caption\":\"MINT Snowboarding\"},\"image\":{\"@id\":\"https:\/\/mintsnowboarding.com\/fr\/#\/schema\/logo\/image\/\"},\"sameAs\":[\"https:\/\/www.facebook.com\/mintsnowboarding\/\",\"https:\/\/x.com\/MINTSnowboard\",\"https:\/\/www.instagram.com\/mintsnowboarding\/\"]}]}<\/script>\n<!-- \/ Yoast SEO plugin. -->","yoast_head_json":{"title":"Offres d'emploi de moniteur de snowboard \u00e0 Morzine \/ Avoriaz, France .","description":"MINT Snowboarding recherche activement des moniteurs sp\u00e9cialis\u00e9s dans le snowboard pour rejoindre notre \u00e9quipe d'\u00e9lite \u00e0 Morzine, Avoriaz et Les Gets.","robots":{"index":"index","follow":"follow","max-snippet":"max-snippet:-1","max-image-preview":"max-image-preview:large","max-video-preview":"max-video-preview:-1"},"canonical":"https:\/\/mintsnowboarding.com\/fr\/emplois-a-lecole-de-snowboard-mint\/","og_locale":"fr_FR","og_type":"article","og_title":"Offres d'emploi de moniteur de snowboard \u00e0 Morzine \/ Avoriaz, France .","og_description":"MINT Snowboarding recherche activement des moniteurs sp\u00e9cialis\u00e9s dans le snowboard pour rejoindre notre \u00e9quipe d'\u00e9lite \u00e0 Morzine, Avoriaz et Les Gets.","og_url":"https:\/\/mintsnowboarding.com\/fr\/emplois-a-lecole-de-snowboard-mint\/","og_site_name":"MINT Snowboarding","article_publisher":"https:\/\/www.facebook.com\/mintsnowboarding\/","article_modified_time":"2025-10-08T13:17:21+00:00","og_image":[{"width":1900,"height":1267,"url":"https:\/\/mintsnowboarding.com\/wp-content\/uploads\/2018\/05\/mint-snowboarding-team.jpg","type":"image\/jpeg"}],"twitter_card":"summary_large_image","twitter_site":"@MINTSnowboard","twitter_misc":{"Dur\u00e9e de lecture estim\u00e9e":"1 minute"},"schema":{"@context":"https:\/\/schema.org","@graph":[{"@type":"WebPage","@id":"https:\/\/mintsnowboarding.com\/fr\/emplois-a-lecole-de-snowboard-mint\/","url":"https:\/\/mintsnowboarding.com\/fr\/emplois-a-lecole-de-snowboard-mint\/","name":"Offres d'emploi de moniteur de snowboard \u00e0 Morzine \/ Avoriaz, France .","isPartOf":{"@id":"https:\/\/mintsnowboarding.com\/fr\/#website"},"primaryImageOfPage":{"@id":"https:\/\/mintsnowboarding.com\/fr\/emplois-a-lecole-de-snowboard-mint\/#primaryimage"},"image":{"@id":"https:\/\/mintsnowboarding.com\/fr\/emplois-a-lecole-de-snowboard-mint\/#primaryimage"},"thumbnailUrl":"https:\/\/mintsnowboarding.com\/wp-content\/uploads\/2018\/05\/mint-snowboarding-team.jpg","datePublished":"2017-07-26T07:36:50+00:00","dateModified":"2025-10-08T13:17:21+00:00","description":"MINT Snowboarding recherche activement des moniteurs sp\u00e9cialis\u00e9s dans le snowboard pour rejoindre notre \u00e9quipe d'\u00e9lite \u00e0 Morzine, Avoriaz et Les Gets.","breadcrumb":{"@id":"https:\/\/mintsnowboarding.com\/fr\/emplois-a-lecole-de-snowboard-mint\/#breadcrumb"},"inLanguage":"fr-FR","potentialAction":[{"@type":"ReadAction","target":["https:\/\/mintsnowboarding.com\/fr\/emplois-a-lecole-de-snowboard-mint\/"]}]},{"@type":"ImageObject","inLanguage":"fr-FR","@id":"https:\/\/mintsnowboarding.com\/fr\/emplois-a-lecole-de-snowboard-mint\/#primaryimage","url":"https:\/\/mintsnowboarding.com\/wp-content\/uploads\/2018\/05\/mint-snowboarding-team.jpg","contentUrl":"https:\/\/mintsnowboarding.com\/wp-content\/uploads\/2018\/05\/mint-snowboarding-team.jpg","width":1900,"height":1267},{"@type":"BreadcrumbList","@id":"https:\/\/mintsnowboarding.com\/fr\/emplois-a-lecole-de-snowboard-mint\/#breadcrumb","itemListElement":[{"@type":"ListItem","position":1,"name":"Home","item":"https:\/\/mintsnowboarding.com\/fr\/accueil\/"},{"@type":"ListItem","position":2,"name":"Offres d&#8217;emploi de moniteur de snowboard \u00e0 Morzine \/ Avoriaz, France"}]},{"@type":"WebSite","@id":"https:\/\/mintsnowboarding.com\/fr\/#website","url":"https:\/\/mintsnowboarding.com\/fr\/","name":"MINT Snowboarding","description":"","publisher":{"@id":"https:\/\/mintsnowboarding.com\/fr\/#organization"},"potentialAction":[{"@type":"SearchAction","target":{"@type":"EntryPoint","urlTemplate":"https:\/\/mintsnowboarding.com\/fr\/?s={search_term_string}"},"query-input":{"@type":"PropertyValueSpecification","valueRequired":true,"valueName":"search_term_string"}}],"inLanguage":"fr-FR"},{"@type":"Organization","@id":"https:\/\/mintsnowboarding.com\/fr\/#organization","name":"MINT Snowboarding","url":"https:\/\/mintsnowboarding.com\/fr\/","logo":{"@type":"ImageObject","inLanguage":"fr-FR","@id":"https:\/\/mintsnowboarding.com\/fr\/#\/schema\/logo\/image\/","url":"https:\/\/mintsnowboarding.com\/wp-content\/uploads\/2017\/10\/mint-logo-text.png","contentUrl":"https:\/\/mintsnowboarding.com\/wp-content\/uploads\/2017\/10\/mint-logo-text.png","width":486,"height":226,"caption":"MINT Snowboarding"},"image":{"@id":"https:\/\/mintsnowboarding.com\/fr\/#\/schema\/logo\/image\/"},"sameAs":["https:\/\/www.facebook.com\/mintsnowboarding\/","https:\/\/x.com\/MINTSnowboard","https:\/\/www.instagram.com\/mintsnowboarding\/"]}]}},"_links":{"self":[{"href":"https:\/\/mintsnowboarding.com\/fr\/wp-json\/wp\/v2\/pages\/7814","targetHints":{"allow":["GET"]}}],"collection":[{"href":"https:\/\/mintsnowboarding.com\/fr\/wp-json\/wp\/v2\/pages"}],"about":[{"href":"https:\/\/mintsnowboarding.com\/fr\/wp-json\/wp\/v2\/types\/page"}],"author":[{"embeddable":true,"href":"https:\/\/mintsnowboarding.com\/fr\/wp-json\/wp\/v2\/users\/1"}],"replies":[{"embeddable":true,"href":"https:\/\/mintsnowboarding.com\/fr\/wp-json\/wp\/v2\/comments?post=7814"}],"version-history":[{"count":9,"href":"https:\/\/mintsnowboarding.com\/fr\/wp-json\/wp\/v2\/pages\/7814\/revisions"}],"predecessor-version":[{"id":21454,"href":"https:\/\/mintsnowboarding.com\/fr\/wp-json\/wp\/v2\/pages\/7814\/revisions\/21454"}],"wp:featuredmedia":[{"embeddable":true,"href":"https:\/\/mintsnowboarding.com\/fr\/wp-json\/wp\/v2\/media\/21453"}],"wp:attachment":[{"href":"https:\/\/mintsnowboarding.com\/fr\/wp-json\/wp\/v2\/media?parent=7814"}],"wp:term":[{"taxonomy":"category","embeddable":true,"href":"https:\/\/mintsnowboarding.com\/fr\/wp-json\/wp\/v2\/categories?post=7814"}],"curies":[{"name":"wp","href":"https:\/\/api.w.org\/{rel}","templated":true}]}}